{"id":2947,"date":"2022-08-12T00:38:49","date_gmt":"2022-08-12T00:38:49","guid":{"rendered":"http:\/\/www.gallavi.com\/?page_id=2947"},"modified":"2022-09-10T14:22:52","modified_gmt":"2022-09-10T14:22:52","slug":"hakkimizda","status":"publish","type":"page","link":"https:\/\/www.gallavi.com\/index.php\/hakkimizda\/","title":{"rendered":"Hakk\u0131m\u0131zda"},"content":{"rendered":"<p>[vc_row full_width=&#8221;stretch_row_content&#8221; equal_height=&#8221;yes&#8221; content_placement=&#8221;middle&#8221; el_id=&#8221;about&#8221;][vc_column width=&#8221;1\/2&#8243; overflow=&#8221;default&#8221; css=&#8221;.vc_custom_1660266455201{padding-top: 150px !important;padding-bottom: 150px !important;background: #f6f8f7 url(http:\/\/www.gallavi.com\/wp-content\/uploads\/2022\/08\/fresh-roasted-coffee-beans-cup-hot-espresso-with-froth-located-left-wide-concrete-white-surface-scaled.jpg?id=2960) !important;background-position: center !important;background-repeat: no-repeat !important;background-size: cover !important;}&#8221;][\/vc_column][vc_column css_animation=&#8221;fadeIn&#8221; width=&#8221;1\/2&#8243; max_width_alignment_mobile=&#8221;center&#8221; shadow=&#8221;shadow1&#8243; mobile_element_alignment=&#8221;left&#8221; overflow=&#8221;default&#8221; max_width=&#8221;75%&#8221; padding_tablet=&#8221;60px 0px 60px 0px&#8221; css=&#8221;.vc_custom_1660268183139{padding-top: 120px !important;padding-bottom: 120px !important;}&#8221;]\r\n<div class=\"sh-heading  \" id=\"heading-rUvZbJxCLd\">\r\n\t<div class=\"sh-element-margin\">\r\n\r\n\t\t\r\n\t\t\t<h2 class=\"sh-heading-content size-m text-center\">\r\n\t\t\t\t2018'den beri\t\t\t<\/h2>\r\n\r\n\t\t\r\n\t<\/div>\r\n<\/div>\r\n            <style type=\"text\/css\">\r\n                #heading-rUvZbJxCLd .sh-element-margin {}#heading-rUvZbJxCLd .sh-heading-content {font-weight: 400!important;letter-spacing: 8px;color: #8d8d8d;}#heading-rUvZbJxCLd .sh-heading-content,#heading-rUvZbJxCLd .sh-heading-additional-text {}#heading-rUvZbJxCLd .sh-heading-content {font-style: italic!important;}            <\/style>\r\n        \r\n            \r\n            <div class=\"sh-empty-space vc_empty_space sh-empty-space-nPoyOEFez2  \" style=\"height: 14px\">\r\n                <span class=\"vc_empty_space_inner\"><\/span>\r\n            <\/div>\r\n\r\n        \r\n<div class=\"sh-heading  \" id=\"heading-3ZIOvTyzA7\">\r\n\t<div class=\"sh-element-margin\">\r\n\r\n\t\t\r\n\t\t\t<h2 class=\"sh-heading-content size-xl text-center\">\r\n\t\t\t\tGALLAV\u0130 KAHVE\t\t\t<\/h2>\r\n\r\n\t\t\r\n\t<\/div>\r\n<\/div>\r\n            <style type=\"text\/css\">\r\n                #heading-3ZIOvTyzA7 .sh-element-margin {}#heading-3ZIOvTyzA7 .sh-heading-content {font-weight: 700!important;}#heading-3ZIOvTyzA7 .sh-heading-content,#heading-3ZIOvTyzA7 .sh-heading-additional-text {}            <\/style>\r\n        \r\n            \r\n            <div class=\"sh-empty-space vc_empty_space sh-empty-space-4BdzjLfFwA  \" style=\"height: 20px\">\r\n                <span class=\"vc_empty_space_inner\"><\/span>\r\n            <\/div>\r\n\r\n        \r\n<div id=\"divider-53OaHAXYzq\" class=\"sh-divider sh-divider- sh-divider-content-icon_option\">\r\n\t\t\t<div class=\"sh-divider-content\">\r\n\t\t\t<span class=\"sh-divider-icon\">\r\n\t\t\t\t<i class=\"ti-star\"><\/i>&nbsp;<i class=\"ti-star\"><\/i>&nbsp;<i class=\"ti-star\"><\/i>\t\t\t<\/span>\r\n\t\t<\/div>\r\n\t<\/div>\r\n            <style type=\"text\/css\">\r\n                #divider-53OaHAXYzq {}#divider-53OaHAXYzq .sh-divider-content:before,#divider-53OaHAXYzq .sh-divider-content:after {border-top-width: 1px;margin-top: -1pxpx;border-top-style: solid;}#divider-53OaHAXYzq .sh-divider-icon {color: #dddddd;}            <\/style>\r\n        \r\n            \r\n            <div class=\"sh-empty-space vc_empty_space sh-empty-space-Awfv9gjzKY  \" style=\"height: 10px\">\r\n                <span class=\"vc_empty_space_inner\"><\/span>\r\n            <\/div>\r\n\r\n        \r\n<div id=\"text-block-18sWIxlhe4\" class=\"sh-text-block\">\r\n\tGallavi G\u0131da \u0130th. \u0130hr. San. Ve Tic. A.\u015e., 2018 y\u0131l\u0131nda ba\u015fka sekt\u00f6rlerde faaliyet g\u00f6steren 3 arkada\u015f taraf\u0131ndan kurulmu\u015f olup, o zamandan bu yana d\u00fcnyan\u0131n farkl\u0131 \u00fclkelerinden, titizlikle se\u00e7ilen kahve \u00e7ekirdeklerini kendine \u00f6zg\u00fc kavurma teknikleri ile kavurup toptan ve perakende olarak piyasaya sunmaktay\u0131z. Sipari\u015fe \u00f6zel kavurma, dan\u0131\u015fmanl\u0131k, \u00f6zel harman haz\u0131rlama hizmetlerinin yan\u0131 s\u0131ra kahve k\u00fclt\u00fcr\u00fcn\u00fc yayma ve sekt\u00f6r\u00fcn \u00f6nc\u00fc markalar\u0131ndan olma hedefini de g\u00f6zeterek yolumuza devam etmekteyiz.<\/p>\n<p>Yola \u00e7\u0131k\u0131\u015f amac\u0131m\u0131z olan geleneksel ta\u015f de\u011firmende \u00f6\u011f\u00fct\u00fclm\u00fc\u015f yumu\u015fak i\u00e7imli T\u00fcrk kahvesinin yan\u0131nda bir\u00e7ok nitelikli kahve \u00e7ekirdeklerini, m\u00fc\u015fteri t\u00fcketim h\u0131z\u0131na ayak uyduran bir planlama ile taze, hijyenik, kaliteli ve g\u00fcvenli bir \u015fekilde m\u00fc\u015fterilerimize ula\u015ft\u0131r\u0131yoruz.<\/p>\n<p>Gallavi Kahve olarak teknolojiyi s\u00fcrekli takip ederek, kahve severlere ve i\u015fletmelere hep daha iyiyi sunmaya devam etmekteyiz. Kahve kavurmak ustal\u0131k ister. Kahveler birbirlerinden farkl\u0131d\u0131r ve farkl\u0131 i\u015flem g\u00f6rmeyi beklerler. Bir kahveyi olmas\u0131 gerekti\u011fi gibi yani damak tad\u0131m\u0131za en uygun bir \u015fekilde kavurmak y\u0131llar\u0131n deneyimi ile olur. Yo\u011fun teknoloji kullan\u0131lmas\u0131na ra\u011fmen esas kahveyi kavuran ki\u015finin duyular\u0131, hissiyat\u0131 ve sevgisi kahveye son imzay\u0131 atar. Gallavi kahveleri deneyim, teknoloji ve sevginin kahve ile harmanlanmas\u0131n\u0131n bir sonucudur.<\/div>\r\n            <style type=\"text\/css\">\r\n                #text-block-18sWIxlhe4 {margin: 0px 0px 15px 0px;}#text-block-18sWIxlhe4 a:hover,#text-block-18sWIxlhe4 a:focus {color: #fe6f41;}#text-block-18sWIxlhe4 .drop-cap {font-weight: bold;font-size: 50px;display: block;float: left;margin: 8px 10px 0 0;}            <\/style>\r\n        \r\n            \r\n            <div class=\"sh-empty-space vc_empty_space sh-empty-space-rjyPw1WRES  \" style=\"height: 20px\">\r\n                <span class=\"vc_empty_space_inner\"><\/span>\r\n            <\/div>\r\n\r\n        \r\n<div id=\"single-image-5tuYdnZajo\" class=\"sh-single-image  \">\r\n\t<div class=\"sh-element-margin\">\r\n\r\n\t\t\r\n\t\t\t<div class=\"sh-single-image-container\">\r\n\t\t\t\t\r\n\t\t\t\t\t\t\t\t\t\t\t\t\t\t\t<a href=\"https:\/\/www.gallavi.com\/wp-content\/uploads\/2018\/06\/Gallavi-Logo-01-e1660243274518.png\" rel=\"lightbox\">\r\n\t\t\t\t\t\r\n\t\t\t\t\t\t\t\t\t\t\t\t\t<img decoding=\"async\" class=\"sh-image-url\" src=\"https:\/\/www.gallavi.com\/wp-content\/uploads\/2018\/06\/Gallavi-Logo-01-e1660243274518.png\" alt=\"Gallavi Logo-01\" \/>\r\n\t\t\t\t\t\t\t\t\t\t\t\t\t\r\n\t\t\t\t\t\t\t\t\t\t\t<\/a>\r\n\t\t\t\t\t\t\t\t\t\r\n\t\t\t\t\t\t\t<\/div>\r\n\r\n\t\t\r\n\t<\/div>\r\n<\/div>\r\n            <style type=\"text\/css\">\r\n                #single-image-5tuYdnZajo {text-align: center;}            <\/style>\r\n        [\/vc_column][\/vc_row]<\/p>\n","protected":false},"excerpt":{"rendered":"<p>[vc_row full_width=&#8221;stretch_row_content&#8221; equal_height=&#8221;yes&#8221; content_placement=&#8221;middle&#8221; el_id=&#8221;about&#8221;][vc_column width=&#8221;1\/2&#8243; overflow=&#8221;default&#8221; css=&#8221;.vc_custom_1660266455201{padding-top: 150px !important;padding-bottom: 150px !important;background: #f6f8f7 url(http:\/\/www.gallavi.com\/wp-content\/uploads\/2022\/08\/fresh-roasted-coffee-beans-cup-hot-espresso-with-froth-located-left-wide-concrete-white-surface-scaled.jpg?id=2960) !important;background-position: center !important;background-repeat: no-repeat !important;background-size: cover !important;}&#8221;][\/vc_column][vc_column css_animation=&#8221;fadeIn&#8221; width=&#8221;1\/2&#8243; max_width_alignment_mobile=&#8221;center&#8221; shadow=&#8221;shadow1&#8243; mobile_element_alignment=&#8221;left&#8221; overflow=&#8221;default&#8221; max_width=&#8221;75%&#8221; padding_tablet=&#8221;60px 0px 60px 0px&#8221; css=&#8221;.vc_custom_1660268183139{padding-top: 120px !important;padding-bottom: 120px !important;}&#8221;] 2018&#8217;den beri GALLAV\u0130 KAHVE &nbsp;&nbsp; Gallavi G\u0131da \u0130th&#8230;.<\/p>\n","protected":false},"author":1,"featured_media":0,"parent":0,"menu_order":0,"comment_status":"closed","ping_status":"closed","template":"elementor_theme","meta":{"footnotes":""},"class_list":["post-2947","page","type-page","status-publish","hentry"],"_links":{"self":[{"href":"https:\/\/www.gallavi.com\/index.php\/wp-json\/wp\/v2\/pages\/2947","targetHints":{"allow":["GET"]}}],"collection":[{"href":"https:\/\/www.gallavi.com\/index.php\/wp-json\/wp\/v2\/pages"}],"about":[{"href":"https:\/\/www.gallavi.com\/index.php\/wp-json\/wp\/v2\/types\/page"}],"author":[{"embeddable":true,"href":"https:\/\/www.gallavi.com\/index.php\/wp-json\/wp\/v2\/users\/1"}],"replies":[{"embeddable":true,"href":"https:\/\/www.gallavi.com\/index.php\/wp-json\/wp\/v2\/comments?post=2947"}],"version-history":[{"count":7,"href":"https:\/\/www.gallavi.com\/index.php\/wp-json\/wp\/v2\/pages\/2947\/revisions"}],"predecessor-version":[{"id":2988,"href":"https:\/\/www.gallavi.com\/index.php\/wp-json\/wp\/v2\/pages\/2947\/revisions\/2988"}],"wp:attachment":[{"href":"https:\/\/www.gallavi.com\/index.php\/wp-json\/wp\/v2\/media?parent=2947"}],"curies":[{"name":"wp","href":"https:\/\/api.w.org\/{rel}","templated":true}]}}