{"id":2956,"date":"2022-08-12T00:41:23","date_gmt":"2022-08-12T00:41:23","guid":{"rendered":"http:\/\/www.gallavi.com\/?page_id=2956"},"modified":"2022-09-30T13:46:54","modified_gmt":"2022-09-30T13:46:54","slug":"iletisim","status":"publish","type":"page","link":"https:\/\/www.gallavi.com\/index.php\/iletisim\/","title":{"rendered":"\u0130leti\u015fim"},"content":{"rendered":"<p>[vc_row full_width=&#8221;stretch_row&#8221; css=&#8221;.vc_custom_1532437469710{padding-top: 60px !important;padding-bottom: 70px !important;background-color: #f9f9f9 !important;}&#8221;][vc_column css_animation=&#8221;slideInLeft&#8221; width=&#8221;1\/4&#8243;]\r\n<div class=\"sh-iconbox sh-iconbox-style2 sh-iconbox-left improved-responsiveness\" id=\"iconbox-msIJ2Lql9F\">\r\n\t\r\n\t\t\t\t\t<div class=\"sh-iconbox-icon\">\r\n\t\t\t\t<div class=\"sh-iconbox-icon-shape sh-iconbox-square\">\r\n\t\t\t\t\t<i class=\"sh-iconbox-hover pe-7s-map-marker\"><\/i>\r\n\r\n\t\t\t\t\t\t\t\t\t<\/div>\r\n\t\t\t<\/div>\r\n\t\t\r\n\t\t<div class=\"sh-iconbox-aside\">\r\n\t\t\t<div class=\"sh-iconbox-title\">\r\n\t\t\t\t\t\t\t\t\t<h3>MERKEZ \u015eUBE<\/h3>\r\n\t\t\t\t\t\t\t<\/div>\r\n\t\t\t<div class=\"sh-iconbox-seperator\"><\/div>\r\n\t\t\t<div class=\"sh-iconbox-content\">\r\n\t\t\t\tSaraylar, 420. Sk., 20010 Merkezefendi\/DEN\u0130ZL\u0130\t\t\t<\/div>\r\n\t\t<\/div>\r\n\r\n\t<\/div>\r\n            <style type=\"text\/css\">\r\n                #iconbox-msIJ2Lql9F .sh-iconbox-title h3 {color: #505050;font-size: 20px;font-weight: normal!important;}#iconbox-msIJ2Lql9F .sh-iconbox-hover {color: #8d8d8d;}#iconbox-msIJ2Lql9F.sh-iconbox-style6 .sh-iconbox-hover {text-shadow: -3px 2px rgba(141,141,141,0.3);}#iconbox-msIJ2Lql9F:hover .sh-iconbox-hover {color: #f3bc47;}#iconbox-msIJ2Lql9F:hover .sh-iconbox-title h3 {color: #f3bc47;}            <\/style>\r\n        \r\n<div class=\"sh-iconbox sh-iconbox-style2 sh-iconbox-left improved-responsiveness\" id=\"iconbox-8dN2Si4KsA\">\r\n\t\r\n\t\t\t\t\t<div class=\"sh-iconbox-icon\">\r\n\t\t\t\t<div class=\"sh-iconbox-icon-shape sh-iconbox-square\">\r\n\t\t\t\t\t<i class=\"sh-iconbox-hover pe-7s-map-marker\"><\/i>\r\n\r\n\t\t\t\t\t\t\t\t\t<\/div>\r\n\t\t\t<\/div>\r\n\t\t\r\n\t\t<div class=\"sh-iconbox-aside\">\r\n\t\t\t<div class=\"sh-iconbox-title\">\r\n\t\t\t\t\t\t\t\t\t<h3>L\u0130SE \u015eUBE<\/h3>\r\n\t\t\t\t\t\t\t<\/div>\r\n\t\t\t<div class=\"sh-iconbox-seperator\"><\/div>\r\n\t\t\t<div class=\"sh-iconbox-content\">\r\n\t\t\t\tDe\u011firmen\u00f6n\u00fc Mh. 1471 Sk., 20010 Merkezefendi\/DEN\u0130ZL\u0130\t\t\t<\/div>\r\n\t\t<\/div>\r\n\r\n\t<\/div>\r\n            <style type=\"text\/css\">\r\n                #iconbox-8dN2Si4KsA .sh-iconbox-title h3 {color: #505050;font-size: 20px;font-weight: normal!important;}#iconbox-8dN2Si4KsA .sh-iconbox-hover {color: #8d8d8d;}#iconbox-8dN2Si4KsA.sh-iconbox-style6 .sh-iconbox-hover {text-shadow: -3px 2px rgba(141,141,141,0.3);}#iconbox-8dN2Si4KsA:hover .sh-iconbox-hover {color: #f3bc47;}#iconbox-8dN2Si4KsA:hover .sh-iconbox-title h3 {color: #f3bc47;}            <\/style>\r\n        [\/vc_column][vc_column css_animation=&#8221;slideInLeft&#8221; width=&#8221;1\/4&#8243;]\r\n<div class=\"sh-iconbox sh-iconbox-style2 sh-iconbox-left improved-responsiveness\" id=\"iconbox-mrnLYwvitx\">\r\n\t\r\n\t\t\t\t\t<div class=\"sh-iconbox-icon\">\r\n\t\t\t\t<div class=\"sh-iconbox-icon-shape sh-iconbox-square\">\r\n\t\t\t\t\t<i class=\"sh-iconbox-hover pe-7s-mail\"><\/i>\r\n\r\n\t\t\t\t\t\t\t\t\t<\/div>\r\n\t\t\t<\/div>\r\n\t\t\r\n\t\t<div class=\"sh-iconbox-aside\">\r\n\t\t\t<div class=\"sh-iconbox-title\">\r\n\t\t\t\t\t\t\t\t\t<h3>E-MAIL<\/h3>\r\n\t\t\t\t\t\t\t<\/div>\r\n\t\t\t<div class=\"sh-iconbox-seperator\"><\/div>\r\n\t\t\t<div class=\"sh-iconbox-content\">\r\n\t\t\t\tgallavikahve@gmail.com\t\t\t<\/div>\r\n\t\t<\/div>\r\n\r\n\t<\/div>\r\n            <style type=\"text\/css\">\r\n                #iconbox-mrnLYwvitx .sh-iconbox-title h3 {color: #505050;font-size: 20px;font-weight: normal!important;}#iconbox-mrnLYwvitx .sh-iconbox-hover {color: #8d8d8d;}#iconbox-mrnLYwvitx.sh-iconbox-style6 .sh-iconbox-hover {text-shadow: -3px 2px rgba(141,141,141,0.3);}#iconbox-mrnLYwvitx:hover .sh-iconbox-hover {color: #f3bc47;}#iconbox-mrnLYwvitx:hover .sh-iconbox-title h3 {color: #f3bc47;}            <\/style>\r\n        [\/vc_column][vc_column css_animation=&#8221;slideInLeft&#8221; width=&#8221;1\/4&#8243;]\r\n<div class=\"sh-iconbox sh-iconbox-style2 sh-iconbox-left improved-responsiveness\" id=\"iconbox-0ih1KwQauD\">\r\n\t\r\n\t\t\t\t\t<div class=\"sh-iconbox-icon\">\r\n\t\t\t\t<div class=\"sh-iconbox-icon-shape sh-iconbox-square\">\r\n\t\t\t\t\t<i class=\"sh-iconbox-hover pe-7s-expand1\"><\/i>\r\n\r\n\t\t\t\t\t\t\t\t\t<\/div>\r\n\t\t\t<\/div>\r\n\t\t\r\n\t\t<div class=\"sh-iconbox-aside\">\r\n\t\t\t<div class=\"sh-iconbox-title\">\r\n\t\t\t\t\t\t\t\t\t<h3>\u00c7ALI\u015eMA SAATLER\u0130<\/h3>\r\n\t\t\t\t\t\t\t<\/div>\r\n\t\t\t<div class=\"sh-iconbox-seperator\"><\/div>\r\n\t\t\t<div class=\"sh-iconbox-content\">\r\n\t\t\t\t8:30 \u2013 19:00\t\t\t<\/div>\r\n\t\t<\/div>\r\n\r\n\t<\/div>\r\n            <style type=\"text\/css\">\r\n                #iconbox-0ih1KwQauD .sh-iconbox-title h3 {color: #505050;font-size: 20px;font-weight: normal!important;}#iconbox-0ih1KwQauD .sh-iconbox-hover {color: #8d8d8d;}#iconbox-0ih1KwQauD.sh-iconbox-style6 .sh-iconbox-hover {text-shadow: -3px 2px rgba(141,141,141,0.3);}#iconbox-0ih1KwQauD:hover .sh-iconbox-hover {color: #f3bc47;}#iconbox-0ih1KwQauD:hover .sh-iconbox-title h3 {color: #f3bc47;}            <\/style>\r\n        [\/vc_column][vc_column css_animation=&#8221;slideInLeft&#8221; width=&#8221;1\/4&#8243;]\r\n<div class=\"sh-iconbox sh-iconbox-style2 sh-iconbox-left improved-responsiveness\" id=\"iconbox-PC6fltdZSw\">\r\n\t\r\n\t\t\t\t\t<div class=\"sh-iconbox-icon\">\r\n\t\t\t\t<div class=\"sh-iconbox-icon-shape sh-iconbox-square\">\r\n\t\t\t\t\t<i class=\"sh-iconbox-hover pe-7s-call\"><\/i>\r\n\r\n\t\t\t\t\t\t\t\t\t<\/div>\r\n\t\t\t<\/div>\r\n\t\t\r\n\t\t<div class=\"sh-iconbox-aside\">\r\n\t\t\t<div class=\"sh-iconbox-title\">\r\n\t\t\t\t\t\t\t\t\t<h3>TELEFON 1<\/h3>\r\n\t\t\t\t\t\t\t<\/div>\r\n\t\t\t<div class=\"sh-iconbox-seperator\"><\/div>\r\n\t\t\t<div class=\"sh-iconbox-content\">\r\n\t\t\t\t+90 258 262 00 55\t\t\t<\/div>\r\n\t\t<\/div>\r\n\r\n\t<\/div>\r\n            <style type=\"text\/css\">\r\n                #iconbox-PC6fltdZSw .sh-iconbox-title h3 {color: #505050;font-size: 20px;font-weight: normal!important;}#iconbox-PC6fltdZSw .sh-iconbox-hover {color: #8d8d8d;}#iconbox-PC6fltdZSw.sh-iconbox-style6 .sh-iconbox-hover {text-shadow: -3px 2px rgba(141,141,141,0.3);}#iconbox-PC6fltdZSw:hover .sh-iconbox-hover {color: #f3bc47;}#iconbox-PC6fltdZSw:hover .sh-iconbox-title h3 {color: #f3bc47;}            <\/style>\r\n        \r\n<div class=\"sh-iconbox sh-iconbox-style2 sh-iconbox-left improved-responsiveness\" id=\"iconbox-aC6Gijf97x\">\r\n\t\r\n\t\t\t\t\t<div class=\"sh-iconbox-icon\">\r\n\t\t\t\t<div class=\"sh-iconbox-icon-shape sh-iconbox-square\">\r\n\t\t\t\t\t<i class=\"sh-iconbox-hover pe-7s-call\"><\/i>\r\n\r\n\t\t\t\t\t\t\t\t\t<\/div>\r\n\t\t\t<\/div>\r\n\t\t\r\n\t\t<div class=\"sh-iconbox-aside\">\r\n\t\t\t<div class=\"sh-iconbox-title\">\r\n\t\t\t\t\t\t\t\t\t<h3>TELEFON 2<\/h3>\r\n\t\t\t\t\t\t\t<\/div>\r\n\t\t\t<div class=\"sh-iconbox-seperator\"><\/div>\r\n\t\t\t<div class=\"sh-iconbox-content\">\r\n\t\t\t\t+90 536 574 33 93\t\t\t<\/div>\r\n\t\t<\/div>\r\n\r\n\t<\/div>\r\n            <style type=\"text\/css\">\r\n                #iconbox-aC6Gijf97x .sh-iconbox-title h3 {color: #505050;font-size: 20px;font-weight: normal!important;}#iconbox-aC6Gijf97x .sh-iconbox-hover {color: #8d8d8d;}#iconbox-aC6Gijf97x.sh-iconbox-style6 .sh-iconbox-hover {text-shadow: -3px 2px rgba(141,141,141,0.3);}#iconbox-aC6Gijf97x:hover .sh-iconbox-hover {color: #f3bc47;}#iconbox-aC6Gijf97x:hover .sh-iconbox-title h3 {color: #f3bc47;}            <\/style>\r\n        [\/vc_column][\/vc_row][vc_row][vc_column][vc_gmaps link=&#8221;#E-8_JTNDaWZyYW1lJTIwc3JjJTNEJTIyaHR0cHMlM0ElMkYlMkZ3d3cuZ29vZ2xlLmNvbSUyRm1hcHMlMkZlbWJlZCUzRnBiJTNEJTIxMW0xOCUyMTFtMTIlMjExbTMlMjExZDMzMS40MzA3NjU0MTY0MTU0NSUyMTJkMjkuMDg0NDIyNjc2MzkzNTMlMjEzZDM3Ljc4NzI2MDM2MzQ3NDQ5NSUyMTJtMyUyMTFmMCUyMTJmMCUyMTNmMCUyMTNtMiUyMTFpMTAyNCUyMTJpNzY4JTIxNGYxMy4xJTIxM20zJTIxMW0yJTIxMXMweDE0YzczZjA0MTk2NzJkMGIlMjUzQTB4MjdiYTZkOGI0MTg5ZDMyJTIxMnNHYWxsYXZpJTI1MjBLYWh2ZSUyMTVlMCUyMTNtMiUyMTFzdHIlMjEyc3RyJTIxNHYxNjY0NTQ1NTM2MDcyJTIxNW0yJTIxMXN0ciUyMTJzdHIlMjIlMjB3aWR0aCUzRCUyMjYwMCUyMiUyMGhlaWdodCUzRCUyMjQ1MCUyMiUyMHN0eWxlJTNEJTIyYm9yZGVyJTNBMCUzQiUyMiUyMGFsbG93ZnVsbHNjcmVlbiUzRCUyMiUyMiUyMGxvYWRpbmclM0QlMjJsYXp5JTIyJTIwcmVmZXJyZXJwb2xpY3klM0QlMjJuby1yZWZlcnJlci13aGVuLWRvd25ncmFkZSUyMiUzRSUzQyUyRmlmcmFtZSUzRQ==&#8221;][\/vc_column][\/vc_row][vc_row full_width=&#8221;stretch_row&#8221; overflow=&#8221;default&#8221; css=&#8221;.vc_custom_1660265996574{background-position: center !important;background-repeat: no-repeat !important;background-size: contain !important;}&#8221;][vc_column]\n<div class=\"wpcf7 no-js\" id=\"wpcf7-f9-o1\" lang=\"tr-TR\" dir=\"ltr\" data-wpcf7-id=\"9\">\n<div class=\"screen-reader-response\"><p role=\"status\" aria-live=\"polite\" aria-atomic=\"true\"><\/p> <ul><\/ul><\/div>\n<form action=\"\/index.php\/wp-json\/wp\/v2\/pages\/2956#wpcf7-f9-o1\" method=\"post\" class=\"wpcf7-form init\" aria-label=\"\u0130leti\u015fim Formu\" novalidate=\"novalidate\" data-status=\"init\">\n<fieldset class=\"hidden-fields-container\"><input type=\"hidden\" name=\"_wpcf7\" value=\"9\" \/><input type=\"hidden\" name=\"_wpcf7_version\" value=\"6.1.2\" \/><input type=\"hidden\" name=\"_wpcf7_locale\" value=\"tr_TR\" \/><input type=\"hidden\" name=\"_wpcf7_unit_tag\" value=\"wpcf7-f9-o1\" \/><input type=\"hidden\" name=\"_wpcf7_container_post\" value=\"0\" \/><input type=\"hidden\" name=\"_wpcf7_posted_data_hash\" value=\"\" \/>\n<\/fieldset>\n<div class=\"sh-cf7-body\"><p><label> \u0130sminiz<br \/>\n<span class=\"wpcf7-form-control-wrap\" data-name=\"your-name\"><input size=\"40\" maxlength=\"400\" class=\"wpcf7-form-control wpcf7-text wpcf7-validates-as-required\" aria-required=\"true\" aria-invalid=\"false\" value=\"\" type=\"text\" name=\"your-name\" \/><\/span> <\/label>\n<\/p>\n<p><label> Mail Adresiniz<br \/>\n<span class=\"wpcf7-form-control-wrap\" data-name=\"your-email\"><input size=\"40\" maxlength=\"400\" class=\"wpcf7-form-control wpcf7-email wpcf7-validates-as-required wpcf7-text wpcf7-validates-as-email\" aria-required=\"true\" aria-invalid=\"false\" value=\"\" type=\"email\" name=\"your-email\" \/><\/span> <\/label>\n<\/p>\n<p><label> Konu<br \/>\n<span class=\"wpcf7-form-control-wrap\" data-name=\"your-subject\"><input size=\"40\" maxlength=\"400\" class=\"wpcf7-form-control wpcf7-text wpcf7-validates-as-required\" aria-required=\"true\" aria-invalid=\"false\" value=\"\" type=\"text\" name=\"your-subject\" \/><\/span> <\/label>\n<\/p>\n<p><label> Mesaj\u0131n\u0131z<br \/>\n<span class=\"wpcf7-form-control-wrap\" data-name=\"your-message\"><textarea cols=\"40\" rows=\"10\" maxlength=\"2000\" class=\"wpcf7-form-control wpcf7-textarea\" aria-invalid=\"false\" name=\"your-message\"><\/textarea><\/span> <\/label>\n<\/p>\n<p><input class=\"wpcf7-form-control wpcf7-submit has-spinner\" type=\"submit\" value=\"G\u00f6nder\" \/>\n<\/p><\/div><div class=\"wpcf7-response-output\" aria-hidden=\"true\"><\/div>\n<\/form>\n<\/div>\n[\/vc_column][\/vc_row]<\/p>\n","protected":false},"excerpt":{"rendered":"<p>[vc_row full_width=&#8221;stretch_row&#8221; css=&#8221;.vc_custom_1532437469710{padding-top: 60px !important;padding-bottom: 70px !important;background-color: #f9f9f9 !important;}&#8221;][vc_column css_animation=&#8221;slideInLeft&#8221; width=&#8221;1\/4&#8243;] MERKEZ \u015eUBE Saraylar, 420. Sk., 20010 Merkezefendi\/DEN\u0130ZL\u0130 L\u0130SE \u015eUBE De\u011firmen\u00f6n\u00fc Mh. 1471 Sk., 20010 Merkezefendi\/DEN\u0130ZL\u0130 [\/vc_column][vc_column css_animation=&#8221;slideInLeft&#8221; width=&#8221;1\/4&#8243;] E-MAIL gallavikahve@gmail.com [\/vc_column][vc_column css_animation=&#8221;slideInLeft&#8221; width=&#8221;1\/4&#8243;] \u00c7ALI\u015eMA SAATLER\u0130 8:30 \u2013 19:00 [\/vc_column][vc_column css_animation=&#8221;slideInLeft&#8221; width=&#8221;1\/4&#8243;] TELEFON 1 +90&#8230;<\/p>\n","protected":false},"author":1,"featured_media":0,"parent":0,"menu_order":0,"comment_status":"closed","ping_status":"closed","template":"elementor_theme","meta":{"footnotes":""},"class_list":["post-2956","page","type-page","status-publish","hentry"],"_links":{"self":[{"href":"https:\/\/www.gallavi.com\/index.php\/wp-json\/wp\/v2\/pages\/2956","targetHints":{"allow":["GET"]}}],"collection":[{"href":"https:\/\/www.gallavi.com\/index.php\/wp-json\/wp\/v2\/pages"}],"about":[{"href":"https:\/\/www.gallavi.com\/index.php\/wp-json\/wp\/v2\/types\/page"}],"author":[{"embeddable":true,"href":"https:\/\/www.gallavi.com\/index.php\/wp-json\/wp\/v2\/users\/1"}],"replies":[{"embeddable":true,"href":"https:\/\/www.gallavi.com\/index.php\/wp-json\/wp\/v2\/comments?post=2956"}],"version-history":[{"count":8,"href":"https:\/\/www.gallavi.com\/index.php\/wp-json\/wp\/v2\/pages\/2956\/revisions"}],"predecessor-version":[{"id":3090,"href":"https:\/\/www.gallavi.com\/index.php\/wp-json\/wp\/v2\/pages\/2956\/revisions\/3090"}],"wp:attachment":[{"href":"https:\/\/www.gallavi.com\/index.php\/wp-json\/wp\/v2\/media?parent=2956"}],"curies":[{"name":"wp","href":"https:\/\/api.w.org\/{rel}","templated":true}]}}