{"id":3013,"date":"2022-09-26T09:48:46","date_gmt":"2022-09-26T09:48:46","guid":{"rendered":"https:\/\/www.gallavi.com\/?page_id=3013"},"modified":"2022-09-29T08:06:36","modified_gmt":"2022-09-29T08:06:36","slug":"diger","status":"publish","type":"page","link":"https:\/\/www.gallavi.com\/index.php\/diger\/","title":{"rendered":"D\u0130\u011eER"},"content":{"rendered":"<style>#kt-layout-id_890a44-8b > .kt-row-column-wrap{align-content:start;}:where(#kt-layout-id_890a44-8b > .kt-row-column-wrap) > .wp-block-kadence-column{justify-content:start;}#kt-layout-id_890a44-8b > .kt-row-column-wrap{column-gap:var(--global-kb-gap-md, 2rem);row-gap:var(--global-kb-gap-md, 2rem);padding-top:var( --global-kb-row-default-top, 25px );padding-bottom:var( --global-kb-row-default-bottom, 25px );padding-top:var(--global-kb-spacing-sm, 1.5rem);padding-bottom:var(--global-kb-spacing-sm, 1.5rem);grid-template-columns:repeat(2, minmax(0, 1fr));}#kt-layout-id_890a44-8b > .kt-row-layout-overlay{opacity:0.30;}@media all and (max-width: 1024px){#kt-layout-id_890a44-8b > .kt-row-column-wrap{grid-template-columns:repeat(2, minmax(0, 1fr));}}@media all and (max-width: 767px){#kt-layout-id_890a44-8b > .kt-row-column-wrap{grid-template-columns:minmax(0, 1fr);}}<\/style>\n<div class=\"wp-block-kadence-rowlayout alignnone\"><div id=\"kt-layout-id_890a44-8b\" class=\"kt-row-layout-inner kt-layout-id_890a44-8b\"><div class=\"kt-row-column-wrap kt-has-2-columns kt-gutter-default kt-v-gutter-default kt-row-valign-top kt-row-layout-equal kt-tab-layout-inherit kt-m-colapse-left-to-right kt-mobile-layout-row\"><style>.kadence-column_0cfad4-12 > .kt-inside-inner-col{border-top-width:0px;border-right-width:0px;border-bottom-width:0px;border-left-width:0px;}.kadence-column_0cfad4-12 > .kt-inside-inner-col,.kadence-column_0cfad4-12 > .kt-inside-inner-col:before{border-top-left-radius:0px;border-top-right-radius:0px;border-bottom-right-radius:0px;border-bottom-left-radius:0px;}.kadence-column_0cfad4-12 > .kt-inside-inner-col{column-gap:var(--global-kb-gap-sm, 1rem);}.kadence-column_0cfad4-12 > .kt-inside-inner-col{flex-direction:column;}.kadence-column_0cfad4-12 > .kt-inside-inner-col > .aligncenter{width:100%;}.kadence-column_0cfad4-12 > .kt-inside-inner-col:before{opacity:0.3;}.kadence-column_0cfad4-12{position:relative;}@media all and (max-width: 1024px){.kadence-column_0cfad4-12 > .kt-inside-inner-col{flex-direction:column;justify-content:center;}}@media all and (max-width: 767px){.kadence-column_0cfad4-12 > .kt-inside-inner-col{flex-direction:column;justify-content:center;}}<\/style>\n<div class=\"wp-block-kadence-column inner-column-1 kadence-column_0cfad4-12\"><div class=\"kt-inside-inner-col\"><style>.wp-block-kadence-column.kb-section-dir-horizontal > .kt-inside-inner-col > #kt-info-box_8e3c1a-72 .kt-blocks-info-box-link-wrap{max-width:unset;}#kt-info-box_8e3c1a-72 .kt-blocks-info-box-link-wrap{border-radius:20px;border-top-width:5px;border-right-width:5px;border-bottom-width:5px;border-left-width:5px;background:#ffffff;padding-top:24px;padding-right:24px;padding-bottom:24px;padding-left:24px;}#kt-info-box_8e3c1a-72 .kt-blocks-info-box-link-wrap:hover{background:#ffffff;}#kt-info-box_8e3c1a-72.wp-block-kadence-infobox{max-width:100%;}#kt-info-box_8e3c1a-72 .kadence-info-box-image-inner-intrisic-container{max-width:100px;}#kt-info-box_8e3c1a-72 .kadence-info-box-image-inner-intrisic-container .kadence-info-box-image-intrisic{padding-bottom:100%;width:200px;height:0px;max-width:100%;}#kt-info-box_8e3c1a-72 .kadence-info-box-icon-container .kt-info-svg-icon, #kt-info-box_8e3c1a-72 .kt-info-svg-icon-flip, #kt-info-box_8e3c1a-72 .kt-blocks-info-box-number{font-size:50px;}#kt-info-box_8e3c1a-72 .kt-blocks-info-box-media{color:#444444;background:#ffffff;border-color:#eeeeee;border-radius:200px;overflow:hidden;border-top-width:0px;border-right-width:0px;border-bottom-width:0px;border-left-width:0px;padding-top:0px;padding-right:0px;padding-bottom:0px;padding-left:0px;margin-top:0px;margin-right:20px;margin-bottom:0px;margin-left:0px;}#kt-info-box_8e3c1a-72 .kt-blocks-info-box-link-wrap:hover .kt-blocks-info-box-media{color:#444444;background:#ffffff;border-color:#eeeeee;}#kt-info-box_8e3c1a-72 .kt-infobox-textcontent h2.kt-blocks-info-box-title{padding-top:0px;padding-right:0px;padding-bottom:0px;padding-left:0px;margin-top:5px;margin-right:0px;margin-bottom:10px;margin-left:0px;}#kt-info-box_8e3c1a-72 .kt-blocks-info-box-learnmore{background:transparent;border-width:0px 0px 0px 0px;padding-top:4px;padding-right:8px;padding-bottom:4px;padding-left:8px;margin-top:10px;margin-right:0px;margin-bottom:10px;margin-left:0px;}<\/style>\n<div id=\"kt-info-box_8e3c1a-72\" class=\"wp-block-kadence-infobox\"><a class=\"kt-blocks-info-box-link-wrap info-box-link kt-blocks-info-box-media-align-left kt-info-halign-left\"><div class=\"kt-blocks-info-box-media-container\"><div class=\"kt-blocks-info-box-media kt-info-media-animate-none\"><div class=\"kadence-info-box-image-inner-intrisic-container\"><div class=\"kadence-info-box-image-intrisic kt-info-animate-none\"><div class=\"kadence-info-box-image-inner-intrisic\"><img loading=\"lazy\" decoding=\"async\" src=\"https:\/\/www.gallavi.com\/wp-content\/uploads\/2022\/09\/2069770-200.png\" alt=\"\" width=\"200\" height=\"200\" class=\"kt-info-box-image wp-image-3014\" srcset=\"https:\/\/www.gallavi.com\/wp-content\/uploads\/2022\/09\/2069770-200.png 200w, https:\/\/www.gallavi.com\/wp-content\/uploads\/2022\/09\/2069770-200-150x150.png 150w, https:\/\/www.gallavi.com\/wp-content\/uploads\/2022\/09\/2069770-200-100x100.png 100w\" sizes=\"auto, (max-width: 200px) 100vw, 200px\" \/><\/div><\/div><\/div><\/div><\/div><div class=\"kt-infobox-textcontent\"><h2 class=\"kt-blocks-info-box-title\">Salep<\/h2><p class=\"kt-blocks-info-box-text\">Kendine has tad\u0131, k\u00f6p\u00fc\u011f\u00fc kokusu.<\/p><\/div><\/a><\/div>\n\n\n<style>.wp-block-kadence-column.kb-section-dir-horizontal > .kt-inside-inner-col > #kt-info-box_515c38-e5 .kt-blocks-info-box-link-wrap{max-width:unset;}#kt-info-box_515c38-e5 .kt-blocks-info-box-link-wrap{border-radius:20px;border-top-width:5px;border-right-width:5px;border-bottom-width:5px;border-left-width:5px;background:#ffffff;padding-top:24px;padding-right:24px;padding-bottom:24px;padding-left:24px;}#kt-info-box_515c38-e5 .kt-blocks-info-box-link-wrap:hover{background:#ffffff;}#kt-info-box_515c38-e5.wp-block-kadence-infobox{max-width:100%;}#kt-info-box_515c38-e5 .kadence-info-box-image-inner-intrisic-container{max-width:244px;}#kt-info-box_515c38-e5 .kadence-info-box-image-inner-intrisic-container .kadence-info-box-image-intrisic{padding-bottom:100%;width:100px;height:0px;max-width:100%;}#kt-info-box_515c38-e5 .kadence-info-box-icon-container .kt-info-svg-icon, #kt-info-box_515c38-e5 .kt-info-svg-icon-flip, #kt-info-box_515c38-e5 .kt-blocks-info-box-number{font-size:50px;}#kt-info-box_515c38-e5 .kt-blocks-info-box-media{color:#444444;background:#ffffff;border-color:#eeeeee;border-radius:200px;overflow:hidden;border-top-width:0px;border-right-width:0px;border-bottom-width:0px;border-left-width:0px;padding-top:0px;padding-right:0px;padding-bottom:0px;padding-left:0px;margin-top:0px;margin-right:20px;margin-bottom:0px;margin-left:0px;}#kt-info-box_515c38-e5 .kt-blocks-info-box-link-wrap:hover .kt-blocks-info-box-media{color:#444444;background:#ffffff;border-color:#eeeeee;}#kt-info-box_515c38-e5 .kt-infobox-textcontent h2.kt-blocks-info-box-title{padding-top:0px;padding-right:0px;padding-bottom:0px;padding-left:0px;margin-top:5px;margin-right:0px;margin-bottom:10px;margin-left:0px;}#kt-info-box_515c38-e5 .kt-blocks-info-box-learnmore{background:transparent;border-width:0px 0px 0px 0px;padding-top:4px;padding-right:8px;padding-bottom:4px;padding-left:8px;margin-top:10px;margin-right:0px;margin-bottom:10px;margin-left:0px;}<\/style>\n<div id=\"kt-info-box_515c38-e5\" class=\"wp-block-kadence-infobox\"><a class=\"kt-blocks-info-box-link-wrap info-box-link kt-blocks-info-box-media-align-left kt-info-halign-left\"><div class=\"kt-blocks-info-box-media-container\"><div class=\"kt-blocks-info-box-media kt-info-media-animate-none\"><div class=\"kadence-info-box-image-inner-intrisic-container\"><div class=\"kadence-info-box-image-intrisic kt-info-animate-none\"><div class=\"kadence-info-box-image-inner-intrisic\"><img loading=\"lazy\" decoding=\"async\" src=\"https:\/\/www.gallavi.com\/wp-content\/uploads\/2022\/09\/2093259-100x100.png\" alt=\"\" width=\"100\" height=\"100\" class=\"kt-info-box-image wp-image-3024\"\/><\/div><\/div><\/div><\/div><\/div><div class=\"kt-infobox-textcontent\"><h2 class=\"kt-blocks-info-box-title\">S\u0131cak \u00c7ikolata<\/h2><p class=\"kt-blocks-info-box-text\">Kendine has tad\u0131, k\u00f6p\u00fc\u011f\u00fc kokusu.<\/p><\/div><\/a><\/div>\n\n\n<style>.wp-block-kadence-column.kb-section-dir-horizontal > .kt-inside-inner-col > #kt-info-box_2f5823-5c .kt-blocks-info-box-link-wrap{max-width:unset;}#kt-info-box_2f5823-5c .kt-blocks-info-box-link-wrap{border-radius:20px;border-top-width:5px;border-right-width:5px;border-bottom-width:5px;border-left-width:5px;background:#ffffff;padding-top:24px;padding-right:24px;padding-bottom:24px;padding-left:24px;}#kt-info-box_2f5823-5c .kt-blocks-info-box-link-wrap:hover{background:#ffffff;}#kt-info-box_2f5823-5c.wp-block-kadence-infobox{max-width:100%;}#kt-info-box_2f5823-5c .kadence-info-box-image-inner-intrisic-container{max-width:100px;}#kt-info-box_2f5823-5c .kadence-info-box-image-inner-intrisic-container .kadence-info-box-image-intrisic{padding-bottom:81.9444%;width:216px;height:0px;max-width:100%;}#kt-info-box_2f5823-5c .kadence-info-box-icon-container .kt-info-svg-icon, #kt-info-box_2f5823-5c .kt-info-svg-icon-flip, #kt-info-box_2f5823-5c .kt-blocks-info-box-number{font-size:50px;}#kt-info-box_2f5823-5c .kt-blocks-info-box-media{color:#444444;background:#ffffff;border-color:#eeeeee;border-radius:200px;overflow:hidden;border-top-width:0px;border-right-width:0px;border-bottom-width:0px;border-left-width:0px;padding-top:0px;padding-right:0px;padding-bottom:0px;padding-left:0px;margin-top:0px;margin-right:20px;margin-bottom:0px;margin-left:0px;}#kt-info-box_2f5823-5c .kt-blocks-info-box-link-wrap:hover .kt-blocks-info-box-media{color:#444444;background:#ffffff;border-color:#eeeeee;}#kt-info-box_2f5823-5c .kt-infobox-textcontent h2.kt-blocks-info-box-title{padding-top:0px;padding-right:0px;padding-bottom:0px;padding-left:0px;margin-top:5px;margin-right:0px;margin-bottom:10px;margin-left:0px;}#kt-info-box_2f5823-5c .kt-blocks-info-box-learnmore{background:transparent;border-width:0px 0px 0px 0px;padding-top:4px;padding-right:8px;padding-bottom:4px;padding-left:8px;margin-top:10px;margin-right:0px;margin-bottom:10px;margin-left:0px;}<\/style>\n<div id=\"kt-info-box_2f5823-5c\" class=\"wp-block-kadence-infobox\"><a class=\"kt-blocks-info-box-link-wrap info-box-link kt-blocks-info-box-media-align-left kt-info-halign-left\"><div class=\"kt-blocks-info-box-media-container\"><div class=\"kt-blocks-info-box-media kt-info-media-animate-none\"><div class=\"kadence-info-box-image-inner-intrisic-container\"><div class=\"kadence-info-box-image-intrisic kt-info-animate-none\"><div class=\"kadence-info-box-image-inner-intrisic\"><img loading=\"lazy\" decoding=\"async\" src=\"https:\/\/www.gallavi.com\/wp-content\/uploads\/2022\/09\/images-e1664185611779.png\" alt=\"\" width=\"216\" height=\"177\" class=\"kt-info-box-image wp-image-3015\"\/><\/div><\/div><\/div><\/div><\/div><div class=\"kt-infobox-textcontent\"><h2 class=\"kt-blocks-info-box-title\">Espresso<\/h2><p class=\"kt-blocks-info-box-text\">Kendine has tad\u0131, k\u00f6p\u00fc\u011f\u00fc kokusu.<\/p><\/div><\/a><\/div>\n\n\n<style>.wp-block-kadence-column.kb-section-dir-horizontal > .kt-inside-inner-col > #kt-info-box_959086-ee .kt-blocks-info-box-link-wrap{max-width:unset;}#kt-info-box_959086-ee .kt-blocks-info-box-link-wrap{border-radius:20px;border-top-width:5px;border-right-width:5px;border-bottom-width:5px;border-left-width:5px;background:#ffffff;padding-top:24px;padding-right:24px;padding-bottom:24px;padding-left:24px;}#kt-info-box_959086-ee .kt-blocks-info-box-link-wrap:hover{background:#ffffff;}#kt-info-box_959086-ee.wp-block-kadence-infobox{max-width:100%;}#kt-info-box_959086-ee .kadence-info-box-image-inner-intrisic-container{max-width:100px;}#kt-info-box_959086-ee .kadence-info-box-image-inner-intrisic-container .kadence-info-box-image-intrisic{padding-bottom:56.9672%;width:244px;height:0px;max-width:100%;}#kt-info-box_959086-ee .kadence-info-box-icon-container .kt-info-svg-icon, #kt-info-box_959086-ee .kt-info-svg-icon-flip, #kt-info-box_959086-ee .kt-blocks-info-box-number{font-size:50px;}#kt-info-box_959086-ee .kt-blocks-info-box-media{color:#444444;background:#ffffff;border-color:#eeeeee;border-radius:200px;overflow:hidden;border-top-width:0px;border-right-width:0px;border-bottom-width:0px;border-left-width:0px;padding-top:0px;padding-right:0px;padding-bottom:0px;padding-left:0px;margin-top:0px;margin-right:20px;margin-bottom:0px;margin-left:0px;}#kt-info-box_959086-ee .kt-blocks-info-box-link-wrap:hover .kt-blocks-info-box-media{color:#444444;background:#ffffff;border-color:#eeeeee;}#kt-info-box_959086-ee .kt-infobox-textcontent h2.kt-blocks-info-box-title{padding-top:0px;padding-right:0px;padding-bottom:0px;padding-left:0px;margin-top:5px;margin-right:0px;margin-bottom:10px;margin-left:0px;}#kt-info-box_959086-ee .kt-blocks-info-box-learnmore{background:transparent;border-width:0px 0px 0px 0px;padding-top:4px;padding-right:8px;padding-bottom:4px;padding-left:8px;margin-top:10px;margin-right:0px;margin-bottom:10px;margin-left:0px;}<\/style>\n<div id=\"kt-info-box_959086-ee\" class=\"wp-block-kadence-infobox\"><a class=\"kt-blocks-info-box-link-wrap info-box-link kt-blocks-info-box-media-align-left kt-info-halign-left\"><div class=\"kt-blocks-info-box-media-container\"><div class=\"kt-blocks-info-box-media kt-info-media-animate-none\"><div class=\"kadence-info-box-image-inner-intrisic-container\"><div class=\"kadence-info-box-image-intrisic kt-info-animate-none\"><div class=\"kadence-info-box-image-inner-intrisic\"><img loading=\"lazy\" decoding=\"async\" src=\"https:\/\/www.gallavi.com\/wp-content\/uploads\/2022\/09\/indir-1-e1664183917314.png\" alt=\"\" width=\"244\" height=\"139\" class=\"kt-info-box-image wp-image-3009\"\/><\/div><\/div><\/div><\/div><\/div><div class=\"kt-infobox-textcontent\"><h2 class=\"kt-blocks-info-box-title\">Gold Kahve<\/h2><p class=\"kt-blocks-info-box-text\">Kendine has tad\u0131, k\u00f6p\u00fc\u011f\u00fc kokusu.<\/p><\/div><\/a><\/div>\n<\/div><\/div>\n\n\n<style>.kadence-column_47306b-91 > .kt-inside-inner-col{border-top-width:0px;border-right-width:0px;border-bottom-width:0px;border-left-width:0px;}.kadence-column_47306b-91 > .kt-inside-inner-col,.kadence-column_47306b-91 > .kt-inside-inner-col:before{border-top-left-radius:0px;border-top-right-radius:0px;border-bottom-right-radius:0px;border-bottom-left-radius:0px;}.kadence-column_47306b-91 > .kt-inside-inner-col{column-gap:var(--global-kb-gap-sm, 1rem);}.kadence-column_47306b-91 > .kt-inside-inner-col{flex-direction:column;}.kadence-column_47306b-91 > .kt-inside-inner-col > .aligncenter{width:100%;}.kadence-column_47306b-91 > .kt-inside-inner-col:before{opacity:0.3;}.kadence-column_47306b-91{position:relative;}@media all and (max-width: 1024px){.kadence-column_47306b-91 > .kt-inside-inner-col{flex-direction:column;justify-content:center;}}@media all and (max-width: 767px){.kadence-column_47306b-91 > .kt-inside-inner-col{flex-direction:column;justify-content:center;}}<\/style>\n<div class=\"wp-block-kadence-column inner-column-2 kadence-column_47306b-91\"><div class=\"kt-inside-inner-col\"><style>.wp-block-kadence-column.kb-section-dir-horizontal > .kt-inside-inner-col > #kt-info-box_4df0ec-43 .kt-blocks-info-box-link-wrap{max-width:unset;}#kt-info-box_4df0ec-43 .kt-blocks-info-box-link-wrap{border-radius:20px;border-top-width:5px;border-right-width:5px;border-bottom-width:5px;border-left-width:5px;background:#ffffff;padding-top:24px;padding-right:24px;padding-bottom:24px;padding-left:24px;}#kt-info-box_4df0ec-43 .kt-blocks-info-box-link-wrap:hover{background:#ffffff;}#kt-info-box_4df0ec-43.wp-block-kadence-infobox{max-width:100%;}#kt-info-box_4df0ec-43 .kadence-info-box-image-inner-intrisic-container{max-width:100px;}#kt-info-box_4df0ec-43 .kadence-info-box-image-inner-intrisic-container .kadence-info-box-image-intrisic{padding-bottom:56.9672%;width:244px;height:0px;max-width:100%;}#kt-info-box_4df0ec-43 .kadence-info-box-icon-container .kt-info-svg-icon, #kt-info-box_4df0ec-43 .kt-info-svg-icon-flip, #kt-info-box_4df0ec-43 .kt-blocks-info-box-number{font-size:50px;}#kt-info-box_4df0ec-43 .kt-blocks-info-box-media{color:#444444;background:#ffffff;border-color:#eeeeee;border-radius:200px;overflow:hidden;border-top-width:0px;border-right-width:0px;border-bottom-width:0px;border-left-width:0px;padding-top:0px;padding-right:0px;padding-bottom:0px;padding-left:0px;margin-top:0px;margin-right:20px;margin-bottom:0px;margin-left:0px;}#kt-info-box_4df0ec-43 .kt-blocks-info-box-link-wrap:hover .kt-blocks-info-box-media{color:#444444;background:#ffffff;border-color:#eeeeee;}#kt-info-box_4df0ec-43 .kt-infobox-textcontent h2.kt-blocks-info-box-title{padding-top:0px;padding-right:0px;padding-bottom:0px;padding-left:0px;margin-top:5px;margin-right:0px;margin-bottom:10px;margin-left:0px;}#kt-info-box_4df0ec-43 .kt-blocks-info-box-learnmore{background:transparent;border-width:0px 0px 0px 0px;padding-top:4px;padding-right:8px;padding-bottom:4px;padding-left:8px;margin-top:10px;margin-right:0px;margin-bottom:10px;margin-left:0px;}<\/style>\n<div id=\"kt-info-box_4df0ec-43\" class=\"wp-block-kadence-infobox\"><a class=\"kt-blocks-info-box-link-wrap info-box-link kt-blocks-info-box-media-align-left kt-info-halign-left\"><div class=\"kt-blocks-info-box-media-container\"><div class=\"kt-blocks-info-box-media kt-info-media-animate-none\"><div class=\"kadence-info-box-image-inner-intrisic-container\"><div class=\"kadence-info-box-image-intrisic kt-info-animate-none\"><div class=\"kadence-info-box-image-inner-intrisic\"><img loading=\"lazy\" decoding=\"async\" src=\"https:\/\/www.gallavi.com\/wp-content\/uploads\/2022\/09\/indir-1-e1664183917314.png\" alt=\"\" width=\"244\" height=\"139\" class=\"kt-info-box-image wp-image-3009\"\/><\/div><\/div><\/div><\/div><\/div><div class=\"kt-infobox-textcontent\"><h2 class=\"kt-blocks-info-box-title\">Osmanl\u0131 Dibek Kahvesi<\/h2><p class=\"kt-blocks-info-box-text\">Kendine has tad\u0131, k\u00f6p\u00fc\u011f\u00fc kokusu.<\/p><\/div><\/a><\/div>\n\n\n<style>.wp-block-kadence-column.kb-section-dir-horizontal > .kt-inside-inner-col > #kt-info-box_87b867-37 .kt-blocks-info-box-link-wrap{max-width:unset;}#kt-info-box_87b867-37 .kt-blocks-info-box-link-wrap{border-radius:20px;border-top-width:5px;border-right-width:5px;border-bottom-width:5px;border-left-width:5px;background:#ffffff;padding-top:24px;padding-right:24px;padding-bottom:24px;padding-left:24px;}#kt-info-box_87b867-37 .kt-blocks-info-box-link-wrap:hover{background:#ffffff;}#kt-info-box_87b867-37.wp-block-kadence-infobox{max-width:100%;}#kt-info-box_87b867-37 .kadence-info-box-image-inner-intrisic-container{max-width:100px;}#kt-info-box_87b867-37 .kadence-info-box-image-inner-intrisic-container .kadence-info-box-image-intrisic{padding-bottom:56.9672%;width:244px;height:0px;max-width:100%;}#kt-info-box_87b867-37 .kadence-info-box-icon-container .kt-info-svg-icon, #kt-info-box_87b867-37 .kt-info-svg-icon-flip, #kt-info-box_87b867-37 .kt-blocks-info-box-number{font-size:50px;}#kt-info-box_87b867-37 .kt-blocks-info-box-media{color:#444444;background:#ffffff;border-color:#eeeeee;border-radius:200px;overflow:hidden;border-top-width:0px;border-right-width:0px;border-bottom-width:0px;border-left-width:0px;padding-top:0px;padding-right:0px;padding-bottom:0px;padding-left:0px;margin-top:0px;margin-right:20px;margin-bottom:0px;margin-left:0px;}#kt-info-box_87b867-37 .kt-blocks-info-box-link-wrap:hover .kt-blocks-info-box-media{color:#444444;background:#ffffff;border-color:#eeeeee;}#kt-info-box_87b867-37 .kt-infobox-textcontent h2.kt-blocks-info-box-title{padding-top:0px;padding-right:0px;padding-bottom:0px;padding-left:0px;margin-top:5px;margin-right:0px;margin-bottom:10px;margin-left:0px;}#kt-info-box_87b867-37 .kt-blocks-info-box-learnmore{background:transparent;border-width:0px 0px 0px 0px;padding-top:4px;padding-right:8px;padding-bottom:4px;padding-left:8px;margin-top:10px;margin-right:0px;margin-bottom:10px;margin-left:0px;}<\/style>\n<div id=\"kt-info-box_87b867-37\" class=\"wp-block-kadence-infobox\"><a class=\"kt-blocks-info-box-link-wrap info-box-link kt-blocks-info-box-media-align-left kt-info-halign-left\"><div class=\"kt-blocks-info-box-media-container\"><div class=\"kt-blocks-info-box-media kt-info-media-animate-none\"><div class=\"kadence-info-box-image-inner-intrisic-container\"><div class=\"kadence-info-box-image-intrisic kt-info-animate-none\"><div class=\"kadence-info-box-image-inner-intrisic\"><img loading=\"lazy\" decoding=\"async\" src=\"https:\/\/www.gallavi.com\/wp-content\/uploads\/2022\/09\/indir-1-e1664183917314.png\" alt=\"\" width=\"244\" height=\"139\" class=\"kt-info-box-image wp-image-3009\"\/><\/div><\/div><\/div><\/div><\/div><div class=\"kt-infobox-textcontent\"><h2 class=\"kt-blocks-info-box-title\">Menengi\u00e7<br\/>Kahvesi<\/h2><p class=\"kt-blocks-info-box-text\">Kendine has tad\u0131, k\u00f6p\u00fc\u011f\u00fc kokusu.<\/p><\/div><\/a><\/div>\n\n\n<style>.wp-block-kadence-column.kb-section-dir-horizontal > .kt-inside-inner-col > #kt-info-box_752c96-da .kt-blocks-info-box-link-wrap{max-width:unset;}#kt-info-box_752c96-da .kt-blocks-info-box-link-wrap{border-radius:20px;border-top-width:5px;border-right-width:5px;border-bottom-width:5px;border-left-width:5px;background:#ffffff;padding-top:24px;padding-right:24px;padding-bottom:24px;padding-left:24px;}#kt-info-box_752c96-da .kt-blocks-info-box-link-wrap:hover{background:#ffffff;}#kt-info-box_752c96-da.wp-block-kadence-infobox{max-width:100%;}#kt-info-box_752c96-da .kadence-info-box-image-inner-intrisic-container{max-width:100px;}#kt-info-box_752c96-da .kadence-info-box-image-inner-intrisic-container .kadence-info-box-image-intrisic{padding-bottom:56.9672%;width:244px;height:0px;max-width:100%;}#kt-info-box_752c96-da .kadence-info-box-icon-container .kt-info-svg-icon, #kt-info-box_752c96-da .kt-info-svg-icon-flip, #kt-info-box_752c96-da .kt-blocks-info-box-number{font-size:50px;}#kt-info-box_752c96-da .kt-blocks-info-box-media{color:#444444;background:#ffffff;border-color:#eeeeee;border-radius:200px;overflow:hidden;border-top-width:0px;border-right-width:0px;border-bottom-width:0px;border-left-width:0px;padding-top:0px;padding-right:0px;padding-bottom:0px;padding-left:0px;margin-top:0px;margin-right:20px;margin-bottom:0px;margin-left:0px;}#kt-info-box_752c96-da .kt-blocks-info-box-link-wrap:hover .kt-blocks-info-box-media{color:#444444;background:#ffffff;border-color:#eeeeee;}#kt-info-box_752c96-da .kt-infobox-textcontent h2.kt-blocks-info-box-title{padding-top:0px;padding-right:0px;padding-bottom:0px;padding-left:0px;margin-top:5px;margin-right:0px;margin-bottom:10px;margin-left:0px;}#kt-info-box_752c96-da .kt-blocks-info-box-learnmore{background:transparent;border-width:0px 0px 0px 0px;padding-top:4px;padding-right:8px;padding-bottom:4px;padding-left:8px;margin-top:10px;margin-right:0px;margin-bottom:10px;margin-left:0px;}<\/style>\n<div id=\"kt-info-box_752c96-da\" class=\"wp-block-kadence-infobox\"><a class=\"kt-blocks-info-box-link-wrap info-box-link kt-blocks-info-box-media-align-left kt-info-halign-left\"><div class=\"kt-blocks-info-box-media-container\"><div class=\"kt-blocks-info-box-media kt-info-media-animate-none\"><div class=\"kadence-info-box-image-inner-intrisic-container\"><div class=\"kadence-info-box-image-intrisic kt-info-animate-none\"><div class=\"kadence-info-box-image-inner-intrisic\"><img loading=\"lazy\" decoding=\"async\" src=\"https:\/\/www.gallavi.com\/wp-content\/uploads\/2022\/09\/indir-1-e1664183917314.png\" alt=\"\" width=\"244\" height=\"139\" class=\"kt-info-box-image wp-image-3009\"\/><\/div><\/div><\/div><\/div><\/div><div class=\"kt-infobox-textcontent\"><h2 class=\"kt-blocks-info-box-title\">S\u00fct tozu<\/h2><p class=\"kt-blocks-info-box-text\">Kendine has tad\u0131, k\u00f6p\u00fc\u011f\u00fc kokusu.<\/p><\/div><\/a><\/div>\n<\/div><\/div>\n<\/div><\/div><\/div>\n","protected":false},"excerpt":{"rendered":"<p>Salep Kendine has tad\u0131, k\u00f6p\u00fc\u011f\u00fc kokusu. S\u0131cak \u00c7ikolata Kendine has tad\u0131, k\u00f6p\u00fc\u011f\u00fc kokusu. Espresso Kendine has tad\u0131, k\u00f6p\u00fc\u011f\u00fc kokusu. Gold Kahve Kendine has tad\u0131, k\u00f6p\u00fc\u011f\u00fc kokusu. Osmanl\u0131 Dibek Kahvesi Kendine has tad\u0131, k\u00f6p\u00fc\u011f\u00fc kokusu. Menengi\u00e7Kahvesi Kendine has tad\u0131, k\u00f6p\u00fc\u011f\u00fc kokusu. S\u00fct tozu Kendine has tad\u0131,&#8230;<\/p>\n","protected":false},"author":2,"featured_media":0,"parent":0,"menu_order":0,"comment_status":"closed","ping_status":"closed","template":"elementor_theme","meta":{"footnotes":""},"class_list":["post-3013","page","type-page","status-publish","hentry"],"_links":{"self":[{"href":"https:\/\/www.gallavi.com\/index.php\/wp-json\/wp\/v2\/pages\/3013","targetHints":{"allow":["GET"]}}],"collection":[{"href":"https:\/\/www.gallavi.com\/index.php\/wp-json\/wp\/v2\/pages"}],"about":[{"href":"https:\/\/www.gallavi.com\/index.php\/wp-json\/wp\/v2\/types\/page"}],"author":[{"embeddable":true,"href":"https:\/\/www.gallavi.com\/index.php\/wp-json\/wp\/v2\/users\/2"}],"replies":[{"embeddable":true,"href":"https:\/\/www.gallavi.com\/index.php\/wp-json\/wp\/v2\/comments?post=3013"}],"version-history":[{"count":2,"href":"https:\/\/www.gallavi.com\/index.php\/wp-json\/wp\/v2\/pages\/3013\/revisions"}],"predecessor-version":[{"id":3026,"href":"https:\/\/www.gallavi.com\/index.php\/wp-json\/wp\/v2\/pages\/3013\/revisions\/3026"}],"wp:attachment":[{"href":"https:\/\/www.gallavi.com\/index.php\/wp-json\/wp\/v2\/media?parent=3013"}],"curies":[{"name":"wp","href":"https:\/\/api.w.org\/{rel}","templated":true}]}}