{"id":3017,"date":"2022-09-26T09:58:51","date_gmt":"2022-09-26T09:58:51","guid":{"rendered":"https:\/\/www.gallavi.com\/?page_id=3017"},"modified":"2022-09-29T08:06:26","modified_gmt":"2022-09-29T08:06:26","slug":"filtre-kahve","status":"publish","type":"page","link":"https:\/\/www.gallavi.com\/index.php\/filtre-kahve\/","title":{"rendered":"F\u0130LTRE KAHVE"},"content":{"rendered":"<style>#kt-layout-id_2b189b-a7 > .kt-row-column-wrap{align-content:start;}:where(#kt-layout-id_2b189b-a7 > .kt-row-column-wrap) > .wp-block-kadence-column{justify-content:start;}#kt-layout-id_2b189b-a7 > .kt-row-column-wrap{column-gap:var(--global-kb-gap-md, 2rem);row-gap:var(--global-kb-gap-md, 2rem);padding-top:var( --global-kb-row-default-top, 25px );padding-bottom:var( --global-kb-row-default-bottom, 25px );padding-top:var(--global-kb-spacing-sm, 1.5rem);padding-bottom:var(--global-kb-spacing-sm, 1.5rem);grid-template-columns:repeat(2, minmax(0, 1fr));}#kt-layout-id_2b189b-a7 > .kt-row-layout-overlay{opacity:0.30;}@media all and (max-width: 1024px){#kt-layout-id_2b189b-a7 > .kt-row-column-wrap{grid-template-columns:repeat(2, minmax(0, 1fr));}}@media all and (max-width: 767px){#kt-layout-id_2b189b-a7 > .kt-row-column-wrap{grid-template-columns:minmax(0, 1fr);}}<\/style>\n<div class=\"wp-block-kadence-rowlayout alignnone\"><div id=\"kt-layout-id_2b189b-a7\" class=\"kt-row-layout-inner kt-layout-id_2b189b-a7\"><div class=\"kt-row-column-wrap kt-has-2-columns kt-gutter-default kt-v-gutter-default kt-row-valign-top kt-row-layout-equal kt-tab-layout-inherit kt-m-colapse-left-to-right kt-mobile-layout-row\"><style>.kadence-column_5f4024-59 > .kt-inside-inner-col{border-top-width:0px;border-right-width:0px;border-bottom-width:0px;border-left-width:0px;}.kadence-column_5f4024-59 > .kt-inside-inner-col,.kadence-column_5f4024-59 > .kt-inside-inner-col:before{border-top-left-radius:0px;border-top-right-radius:0px;border-bottom-right-radius:0px;border-bottom-left-radius:0px;}.kadence-column_5f4024-59 > .kt-inside-inner-col{column-gap:var(--global-kb-gap-sm, 1rem);}.kadence-column_5f4024-59 > .kt-inside-inner-col{flex-direction:column;}.kadence-column_5f4024-59 > .kt-inside-inner-col > .aligncenter{width:100%;}.kadence-column_5f4024-59 > .kt-inside-inner-col:before{opacity:0.3;}.kadence-column_5f4024-59{position:relative;}@media all and (max-width: 1024px){.kadence-column_5f4024-59 > .kt-inside-inner-col{flex-direction:column;justify-content:center;}}@media all and (max-width: 767px){.kadence-column_5f4024-59 > .kt-inside-inner-col{flex-direction:column;justify-content:center;}}<\/style>\n<div class=\"wp-block-kadence-column inner-column-1 kadence-column_5f4024-59\"><div class=\"kt-inside-inner-col\"><style>.wp-block-kadence-column.kb-section-dir-horizontal > .kt-inside-inner-col > #kt-info-box_e2a822-83 .kt-blocks-info-box-link-wrap{max-width:unset;}#kt-info-box_e2a822-83 .kt-blocks-info-box-link-wrap{border-radius:20px;border-top-width:5px;border-right-width:5px;border-bottom-width:5px;border-left-width:5px;background:#ffffff;padding-top:24px;padding-right:24px;padding-bottom:24px;padding-left:24px;}#kt-info-box_e2a822-83 .kt-blocks-info-box-link-wrap:hover{background:#ffffff;}#kt-info-box_e2a822-83.wp-block-kadence-infobox{max-width:100%;}#kt-info-box_e2a822-83 .kadence-info-box-image-inner-intrisic-container{max-width:100px;}#kt-info-box_e2a822-83 .kadence-info-box-image-inner-intrisic-container .kadence-info-box-image-intrisic{padding-bottom:100%;width:600px;height:0px;max-width:100%;}#kt-info-box_e2a822-83 .kadence-info-box-icon-container .kt-info-svg-icon, #kt-info-box_e2a822-83 .kt-info-svg-icon-flip, #kt-info-box_e2a822-83 .kt-blocks-info-box-number{font-size:50px;}#kt-info-box_e2a822-83 .kt-blocks-info-box-media{color:#444444;background:#ffffff;border-color:#eeeeee;border-radius:200px;overflow:hidden;border-top-width:5px;border-right-width:5px;border-bottom-width:5px;border-left-width:5px;padding-top:20px;padding-right:20px;padding-bottom:20px;padding-left:20px;margin-top:0px;margin-right:20px;margin-bottom:0px;margin-left:0px;}#kt-info-box_e2a822-83 .kt-blocks-info-box-media .kadence-info-box-image-intrisic img{border-radius:200px;}#kt-info-box_e2a822-83 .kt-blocks-info-box-link-wrap:hover .kt-blocks-info-box-media{color:#444444;background:#ffffff;border-color:#eeeeee;}#kt-info-box_e2a822-83 .kt-infobox-textcontent h2.kt-blocks-info-box-title{padding-top:0px;padding-right:0px;padding-bottom:0px;padding-left:0px;margin-top:5px;margin-right:0px;margin-bottom:10px;margin-left:0px;}#kt-info-box_e2a822-83 .kt-blocks-info-box-learnmore{background:transparent;border-width:0px 0px 0px 0px;padding-top:4px;padding-right:8px;padding-bottom:4px;padding-left:8px;margin-top:10px;margin-right:0px;margin-bottom:10px;margin-left:0px;}<\/style>\n<div id=\"kt-info-box_e2a822-83\" class=\"wp-block-kadence-infobox\"><a class=\"kt-blocks-info-box-link-wrap info-box-link kt-blocks-info-box-media-align-left kt-info-halign-left\"><div class=\"kt-blocks-info-box-media-container\"><div class=\"kt-blocks-info-box-media kt-info-media-animate-none\"><div class=\"kadence-info-box-image-inner-intrisic-container\"><div class=\"kadence-info-box-image-intrisic kt-info-animate-none\"><div class=\"kadence-info-box-image-inner-intrisic\"><img loading=\"lazy\" decoding=\"async\" src=\"https:\/\/www.gallavi.com\/wp-content\/uploads\/2022\/09\/depositphotos_96298988-stock-illustration-coffee-theme-icon.png\" alt=\"\" width=\"600\" height=\"600\" class=\"kt-info-box-image wp-image-3018\" srcset=\"https:\/\/www.gallavi.com\/wp-content\/uploads\/2022\/09\/depositphotos_96298988-stock-illustration-coffee-theme-icon.png 600w, https:\/\/www.gallavi.com\/wp-content\/uploads\/2022\/09\/depositphotos_96298988-stock-illustration-coffee-theme-icon-300x300.png 300w, https:\/\/www.gallavi.com\/wp-content\/uploads\/2022\/09\/depositphotos_96298988-stock-illustration-coffee-theme-icon-150x150.png 150w, https:\/\/www.gallavi.com\/wp-content\/uploads\/2022\/09\/depositphotos_96298988-stock-illustration-coffee-theme-icon-100x100.png 100w\" sizes=\"auto, (max-width: 600px) 100vw, 600px\" \/><\/div><\/div><\/div><\/div><\/div><div class=\"kt-infobox-textcontent\"><h2 class=\"kt-blocks-info-box-title\">Kenya<\/h2><p class=\"kt-blocks-info-box-text\">Kendine has tad\u0131, k\u00f6p\u00fc\u011f\u00fc kokusu.<\/p><\/div><\/a><\/div>\n\n\n<style>.wp-block-kadence-column.kb-section-dir-horizontal > .kt-inside-inner-col > #kt-info-box_7028fd-91 .kt-blocks-info-box-link-wrap{max-width:unset;}#kt-info-box_7028fd-91 .kt-blocks-info-box-link-wrap{border-radius:20px;border-top-width:5px;border-right-width:5px;border-bottom-width:5px;border-left-width:5px;background:#ffffff;padding-top:24px;padding-right:24px;padding-bottom:24px;padding-left:24px;}#kt-info-box_7028fd-91 .kt-blocks-info-box-link-wrap:hover{background:#ffffff;}#kt-info-box_7028fd-91.wp-block-kadence-infobox{max-width:100%;}#kt-info-box_7028fd-91 .kadence-info-box-image-inner-intrisic-container{max-width:100px;}#kt-info-box_7028fd-91 .kadence-info-box-image-inner-intrisic-container .kadence-info-box-image-intrisic{padding-bottom:100%;width:600px;height:0px;max-width:100%;}#kt-info-box_7028fd-91 .kadence-info-box-icon-container .kt-info-svg-icon, #kt-info-box_7028fd-91 .kt-info-svg-icon-flip, #kt-info-box_7028fd-91 .kt-blocks-info-box-number{font-size:50px;}#kt-info-box_7028fd-91 .kt-blocks-info-box-media{color:#444444;background:#ffffff;border-color:#eeeeee;border-radius:200px;overflow:hidden;border-top-width:5px;border-right-width:5px;border-bottom-width:5px;border-left-width:5px;padding-top:20px;padding-right:20px;padding-bottom:20px;padding-left:20px;margin-top:0px;margin-right:20px;margin-bottom:0px;margin-left:0px;}#kt-info-box_7028fd-91 .kt-blocks-info-box-media .kadence-info-box-image-intrisic img{border-radius:200px;}#kt-info-box_7028fd-91 .kt-blocks-info-box-link-wrap:hover .kt-blocks-info-box-media{color:#444444;background:#ffffff;border-color:#eeeeee;}#kt-info-box_7028fd-91 .kt-infobox-textcontent h2.kt-blocks-info-box-title{padding-top:0px;padding-right:0px;padding-bottom:0px;padding-left:0px;margin-top:5px;margin-right:0px;margin-bottom:10px;margin-left:0px;}#kt-info-box_7028fd-91 .kt-blocks-info-box-learnmore{background:transparent;border-width:0px 0px 0px 0px;padding-top:4px;padding-right:8px;padding-bottom:4px;padding-left:8px;margin-top:10px;margin-right:0px;margin-bottom:10px;margin-left:0px;}<\/style>\n<div id=\"kt-info-box_7028fd-91\" class=\"wp-block-kadence-infobox\"><a class=\"kt-blocks-info-box-link-wrap info-box-link kt-blocks-info-box-media-align-left kt-info-halign-left\"><div class=\"kt-blocks-info-box-media-container\"><div class=\"kt-blocks-info-box-media kt-info-media-animate-none\"><div class=\"kadence-info-box-image-inner-intrisic-container\"><div class=\"kadence-info-box-image-intrisic kt-info-animate-none\"><div class=\"kadence-info-box-image-inner-intrisic\"><img loading=\"lazy\" decoding=\"async\" src=\"https:\/\/www.gallavi.com\/wp-content\/uploads\/2022\/09\/depositphotos_96298988-stock-illustration-coffee-theme-icon.png\" alt=\"\" width=\"600\" height=\"600\" class=\"kt-info-box-image wp-image-3018\" srcset=\"https:\/\/www.gallavi.com\/wp-content\/uploads\/2022\/09\/depositphotos_96298988-stock-illustration-coffee-theme-icon.png 600w, https:\/\/www.gallavi.com\/wp-content\/uploads\/2022\/09\/depositphotos_96298988-stock-illustration-coffee-theme-icon-300x300.png 300w, https:\/\/www.gallavi.com\/wp-content\/uploads\/2022\/09\/depositphotos_96298988-stock-illustration-coffee-theme-icon-150x150.png 150w, https:\/\/www.gallavi.com\/wp-content\/uploads\/2022\/09\/depositphotos_96298988-stock-illustration-coffee-theme-icon-100x100.png 100w\" sizes=\"auto, (max-width: 600px) 100vw, 600px\" \/><\/div><\/div><\/div><\/div><\/div><div class=\"kt-infobox-textcontent\"><h2 class=\"kt-blocks-info-box-title\">Colombia<\/h2><p class=\"kt-blocks-info-box-text\">Kendine has tad\u0131, k\u00f6p\u00fc\u011f\u00fc kokusu.<\/p><\/div><\/a><\/div>\n\n\n<style>.wp-block-kadence-column.kb-section-dir-horizontal > .kt-inside-inner-col > #kt-info-box_e4d406-9f .kt-blocks-info-box-link-wrap{max-width:unset;}#kt-info-box_e4d406-9f .kt-blocks-info-box-link-wrap{border-radius:20px;border-top-width:5px;border-right-width:5px;border-bottom-width:5px;border-left-width:5px;background:#ffffff;padding-top:24px;padding-right:24px;padding-bottom:24px;padding-left:24px;}#kt-info-box_e4d406-9f .kt-blocks-info-box-link-wrap:hover{background:#ffffff;}#kt-info-box_e4d406-9f.wp-block-kadence-infobox{max-width:100%;}#kt-info-box_e4d406-9f .kadence-info-box-image-inner-intrisic-container{max-width:100px;}#kt-info-box_e4d406-9f .kadence-info-box-image-inner-intrisic-container .kadence-info-box-image-intrisic{padding-bottom:100%;width:600px;height:0px;max-width:100%;}#kt-info-box_e4d406-9f .kadence-info-box-icon-container .kt-info-svg-icon, #kt-info-box_e4d406-9f .kt-info-svg-icon-flip, #kt-info-box_e4d406-9f .kt-blocks-info-box-number{font-size:50px;}#kt-info-box_e4d406-9f .kt-blocks-info-box-media{color:#444444;background:#ffffff;border-color:#eeeeee;border-radius:200px;overflow:hidden;border-top-width:5px;border-right-width:5px;border-bottom-width:5px;border-left-width:5px;padding-top:20px;padding-right:20px;padding-bottom:20px;padding-left:20px;margin-top:0px;margin-right:20px;margin-bottom:0px;margin-left:0px;}#kt-info-box_e4d406-9f .kt-blocks-info-box-media .kadence-info-box-image-intrisic img{border-radius:200px;}#kt-info-box_e4d406-9f .kt-blocks-info-box-link-wrap:hover .kt-blocks-info-box-media{color:#444444;background:#ffffff;border-color:#eeeeee;}#kt-info-box_e4d406-9f .kt-infobox-textcontent h2.kt-blocks-info-box-title{padding-top:0px;padding-right:0px;padding-bottom:0px;padding-left:0px;margin-top:5px;margin-right:0px;margin-bottom:10px;margin-left:0px;}#kt-info-box_e4d406-9f .kt-blocks-info-box-learnmore{background:transparent;border-width:0px 0px 0px 0px;padding-top:4px;padding-right:8px;padding-bottom:4px;padding-left:8px;margin-top:10px;margin-right:0px;margin-bottom:10px;margin-left:0px;}<\/style>\n<div id=\"kt-info-box_e4d406-9f\" class=\"wp-block-kadence-infobox\"><a class=\"kt-blocks-info-box-link-wrap info-box-link kt-blocks-info-box-media-align-left kt-info-halign-left\"><div class=\"kt-blocks-info-box-media-container\"><div class=\"kt-blocks-info-box-media kt-info-media-animate-none\"><div class=\"kadence-info-box-image-inner-intrisic-container\"><div class=\"kadence-info-box-image-intrisic kt-info-animate-none\"><div class=\"kadence-info-box-image-inner-intrisic\"><img loading=\"lazy\" decoding=\"async\" src=\"https:\/\/www.gallavi.com\/wp-content\/uploads\/2022\/09\/depositphotos_96298988-stock-illustration-coffee-theme-icon.png\" alt=\"\" width=\"600\" height=\"600\" class=\"kt-info-box-image wp-image-3018\" srcset=\"https:\/\/www.gallavi.com\/wp-content\/uploads\/2022\/09\/depositphotos_96298988-stock-illustration-coffee-theme-icon.png 600w, https:\/\/www.gallavi.com\/wp-content\/uploads\/2022\/09\/depositphotos_96298988-stock-illustration-coffee-theme-icon-300x300.png 300w, https:\/\/www.gallavi.com\/wp-content\/uploads\/2022\/09\/depositphotos_96298988-stock-illustration-coffee-theme-icon-150x150.png 150w, https:\/\/www.gallavi.com\/wp-content\/uploads\/2022\/09\/depositphotos_96298988-stock-illustration-coffee-theme-icon-100x100.png 100w\" sizes=\"auto, (max-width: 600px) 100vw, 600px\" \/><\/div><\/div><\/div><\/div><\/div><div class=\"kt-infobox-textcontent\"><h2 class=\"kt-blocks-info-box-title\">Guatemala<\/h2><p class=\"kt-blocks-info-box-text\">Kendine has tad\u0131, k\u00f6p\u00fc\u011f\u00fc kokusu.<\/p><\/div><\/a><\/div>\n<\/div><\/div>\n\n\n<style>.kadence-column_326378-92 > .kt-inside-inner-col{border-top-width:0px;border-right-width:0px;border-bottom-width:0px;border-left-width:0px;}.kadence-column_326378-92 > .kt-inside-inner-col,.kadence-column_326378-92 > .kt-inside-inner-col:before{border-top-left-radius:0px;border-top-right-radius:0px;border-bottom-right-radius:0px;border-bottom-left-radius:0px;}.kadence-column_326378-92 > .kt-inside-inner-col{column-gap:var(--global-kb-gap-sm, 1rem);}.kadence-column_326378-92 > .kt-inside-inner-col{flex-direction:column;}.kadence-column_326378-92 > .kt-inside-inner-col > .aligncenter{width:100%;}.kadence-column_326378-92 > .kt-inside-inner-col:before{opacity:0.3;}.kadence-column_326378-92{position:relative;}@media all and (max-width: 1024px){.kadence-column_326378-92 > .kt-inside-inner-col{flex-direction:column;justify-content:center;}}@media all and (max-width: 767px){.kadence-column_326378-92 > .kt-inside-inner-col{flex-direction:column;justify-content:center;}}<\/style>\n<div class=\"wp-block-kadence-column inner-column-2 kadence-column_326378-92\"><div class=\"kt-inside-inner-col\"><style>.wp-block-kadence-column.kb-section-dir-horizontal > .kt-inside-inner-col > #kt-info-box_e734a2-ae .kt-blocks-info-box-link-wrap{max-width:unset;}#kt-info-box_e734a2-ae .kt-blocks-info-box-link-wrap{border-radius:20px;border-top-width:5px;border-right-width:5px;border-bottom-width:5px;border-left-width:5px;background:#ffffff;padding-top:24px;padding-right:24px;padding-bottom:24px;padding-left:24px;}#kt-info-box_e734a2-ae .kt-blocks-info-box-link-wrap:hover{background:#ffffff;}#kt-info-box_e734a2-ae.wp-block-kadence-infobox{max-width:100%;}#kt-info-box_e734a2-ae .kadence-info-box-image-inner-intrisic-container{max-width:100px;}#kt-info-box_e734a2-ae .kadence-info-box-image-inner-intrisic-container .kadence-info-box-image-intrisic{padding-bottom:100%;width:600px;height:0px;max-width:100%;}#kt-info-box_e734a2-ae .kadence-info-box-icon-container .kt-info-svg-icon, #kt-info-box_e734a2-ae .kt-info-svg-icon-flip, #kt-info-box_e734a2-ae .kt-blocks-info-box-number{font-size:50px;}#kt-info-box_e734a2-ae .kt-blocks-info-box-media{color:#444444;background:#ffffff;border-color:#eeeeee;border-radius:200px;overflow:hidden;border-top-width:5px;border-right-width:5px;border-bottom-width:5px;border-left-width:5px;padding-top:20px;padding-right:20px;padding-bottom:20px;padding-left:20px;margin-top:0px;margin-right:20px;margin-bottom:0px;margin-left:0px;}#kt-info-box_e734a2-ae .kt-blocks-info-box-media .kadence-info-box-image-intrisic img{border-radius:200px;}#kt-info-box_e734a2-ae .kt-blocks-info-box-link-wrap:hover .kt-blocks-info-box-media{color:#444444;background:#ffffff;border-color:#eeeeee;}#kt-info-box_e734a2-ae .kt-infobox-textcontent h2.kt-blocks-info-box-title{padding-top:0px;padding-right:0px;padding-bottom:0px;padding-left:0px;margin-top:5px;margin-right:0px;margin-bottom:10px;margin-left:0px;}#kt-info-box_e734a2-ae .kt-blocks-info-box-learnmore{background:transparent;border-width:0px 0px 0px 0px;padding-top:4px;padding-right:8px;padding-bottom:4px;padding-left:8px;margin-top:10px;margin-right:0px;margin-bottom:10px;margin-left:0px;}<\/style>\n<div id=\"kt-info-box_e734a2-ae\" class=\"wp-block-kadence-infobox\"><a class=\"kt-blocks-info-box-link-wrap info-box-link kt-blocks-info-box-media-align-left kt-info-halign-left\"><div class=\"kt-blocks-info-box-media-container\"><div class=\"kt-blocks-info-box-media kt-info-media-animate-none\"><div class=\"kadence-info-box-image-inner-intrisic-container\"><div class=\"kadence-info-box-image-intrisic kt-info-animate-none\"><div class=\"kadence-info-box-image-inner-intrisic\"><img loading=\"lazy\" decoding=\"async\" src=\"https:\/\/www.gallavi.com\/wp-content\/uploads\/2022\/09\/depositphotos_96298988-stock-illustration-coffee-theme-icon.png\" alt=\"\" width=\"600\" height=\"600\" class=\"kt-info-box-image wp-image-3018\" srcset=\"https:\/\/www.gallavi.com\/wp-content\/uploads\/2022\/09\/depositphotos_96298988-stock-illustration-coffee-theme-icon.png 600w, https:\/\/www.gallavi.com\/wp-content\/uploads\/2022\/09\/depositphotos_96298988-stock-illustration-coffee-theme-icon-300x300.png 300w, https:\/\/www.gallavi.com\/wp-content\/uploads\/2022\/09\/depositphotos_96298988-stock-illustration-coffee-theme-icon-150x150.png 150w, https:\/\/www.gallavi.com\/wp-content\/uploads\/2022\/09\/depositphotos_96298988-stock-illustration-coffee-theme-icon-100x100.png 100w\" sizes=\"auto, (max-width: 600px) 100vw, 600px\" \/><\/div><\/div><\/div><\/div><\/div><div class=\"kt-infobox-textcontent\"><h2 class=\"kt-blocks-info-box-title\">Etiyopya<\/h2><p class=\"kt-blocks-info-box-text\">Kendine has tad\u0131, k\u00f6p\u00fc\u011f\u00fc kokusu.<\/p><\/div><\/a><\/div>\n\n\n<style>.wp-block-kadence-column.kb-section-dir-horizontal > .kt-inside-inner-col > #kt-info-box_f6c1fd-a0 .kt-blocks-info-box-link-wrap{max-width:unset;}#kt-info-box_f6c1fd-a0 .kt-blocks-info-box-link-wrap{border-radius:20px;border-top-width:5px;border-right-width:5px;border-bottom-width:5px;border-left-width:5px;background:#ffffff;padding-top:24px;padding-right:24px;padding-bottom:24px;padding-left:24px;}#kt-info-box_f6c1fd-a0 .kt-blocks-info-box-link-wrap:hover{background:#ffffff;}#kt-info-box_f6c1fd-a0.wp-block-kadence-infobox{max-width:100%;}#kt-info-box_f6c1fd-a0 .kadence-info-box-image-inner-intrisic-container{max-width:100px;}#kt-info-box_f6c1fd-a0 .kadence-info-box-image-inner-intrisic-container .kadence-info-box-image-intrisic{padding-bottom:100%;width:600px;height:0px;max-width:100%;}#kt-info-box_f6c1fd-a0 .kadence-info-box-icon-container .kt-info-svg-icon, #kt-info-box_f6c1fd-a0 .kt-info-svg-icon-flip, #kt-info-box_f6c1fd-a0 .kt-blocks-info-box-number{font-size:50px;}#kt-info-box_f6c1fd-a0 .kt-blocks-info-box-media{color:#444444;background:#ffffff;border-color:#eeeeee;border-radius:200px;overflow:hidden;border-top-width:5px;border-right-width:5px;border-bottom-width:5px;border-left-width:5px;padding-top:20px;padding-right:20px;padding-bottom:20px;padding-left:20px;margin-top:0px;margin-right:20px;margin-bottom:0px;margin-left:0px;}#kt-info-box_f6c1fd-a0 .kt-blocks-info-box-media .kadence-info-box-image-intrisic img{border-radius:200px;}#kt-info-box_f6c1fd-a0 .kt-blocks-info-box-link-wrap:hover .kt-blocks-info-box-media{color:#444444;background:#ffffff;border-color:#eeeeee;}#kt-info-box_f6c1fd-a0 .kt-infobox-textcontent h2.kt-blocks-info-box-title{padding-top:0px;padding-right:0px;padding-bottom:0px;padding-left:0px;margin-top:5px;margin-right:0px;margin-bottom:10px;margin-left:0px;}#kt-info-box_f6c1fd-a0 .kt-blocks-info-box-learnmore{background:transparent;border-width:0px 0px 0px 0px;padding-top:4px;padding-right:8px;padding-bottom:4px;padding-left:8px;margin-top:10px;margin-right:0px;margin-bottom:10px;margin-left:0px;}<\/style>\n<div id=\"kt-info-box_f6c1fd-a0\" class=\"wp-block-kadence-infobox\"><a class=\"kt-blocks-info-box-link-wrap info-box-link kt-blocks-info-box-media-align-left kt-info-halign-left\"><div class=\"kt-blocks-info-box-media-container\"><div class=\"kt-blocks-info-box-media kt-info-media-animate-none\"><div class=\"kadence-info-box-image-inner-intrisic-container\"><div class=\"kadence-info-box-image-intrisic kt-info-animate-none\"><div class=\"kadence-info-box-image-inner-intrisic\"><img loading=\"lazy\" decoding=\"async\" src=\"https:\/\/www.gallavi.com\/wp-content\/uploads\/2022\/09\/depositphotos_96298988-stock-illustration-coffee-theme-icon.png\" alt=\"\" width=\"600\" height=\"600\" class=\"kt-info-box-image wp-image-3018\" srcset=\"https:\/\/www.gallavi.com\/wp-content\/uploads\/2022\/09\/depositphotos_96298988-stock-illustration-coffee-theme-icon.png 600w, https:\/\/www.gallavi.com\/wp-content\/uploads\/2022\/09\/depositphotos_96298988-stock-illustration-coffee-theme-icon-300x300.png 300w, https:\/\/www.gallavi.com\/wp-content\/uploads\/2022\/09\/depositphotos_96298988-stock-illustration-coffee-theme-icon-150x150.png 150w, https:\/\/www.gallavi.com\/wp-content\/uploads\/2022\/09\/depositphotos_96298988-stock-illustration-coffee-theme-icon-100x100.png 100w\" sizes=\"auto, (max-width: 600px) 100vw, 600px\" \/><\/div><\/div><\/div><\/div><\/div><div class=\"kt-infobox-textcontent\"><h2 class=\"kt-blocks-info-box-title\">Brazil Santos<\/h2><p class=\"kt-blocks-info-box-text\">Kendine has tad\u0131, k\u00f6p\u00fc\u011f\u00fc kokusu.<\/p><\/div><\/a><\/div>\n<\/div><\/div>\n<\/div><\/div><\/div>\n","protected":false},"excerpt":{"rendered":"<p>Kenya Kendine has tad\u0131, k\u00f6p\u00fc\u011f\u00fc kokusu. Colombia Kendine has tad\u0131, k\u00f6p\u00fc\u011f\u00fc kokusu. Guatemala Kendine has tad\u0131, k\u00f6p\u00fc\u011f\u00fc kokusu. Etiyopya Kendine has tad\u0131, k\u00f6p\u00fc\u011f\u00fc kokusu. Brazil Santos Kendine has tad\u0131, k\u00f6p\u00fc\u011f\u00fc kokusu.<\/p>\n","protected":false},"author":2,"featured_media":0,"parent":0,"menu_order":0,"comment_status":"closed","ping_status":"closed","template":"elementor_theme","meta":{"footnotes":""},"class_list":["post-3017","page","type-page","status-publish","hentry"],"_links":{"self":[{"href":"https:\/\/www.gallavi.com\/index.php\/wp-json\/wp\/v2\/pages\/3017","targetHints":{"allow":["GET"]}}],"collection":[{"href":"https:\/\/www.gallavi.com\/index.php\/wp-json\/wp\/v2\/pages"}],"about":[{"href":"https:\/\/www.gallavi.com\/index.php\/wp-json\/wp\/v2\/types\/page"}],"author":[{"embeddable":true,"href":"https:\/\/www.gallavi.com\/index.php\/wp-json\/wp\/v2\/users\/2"}],"replies":[{"embeddable":true,"href":"https:\/\/www.gallavi.com\/index.php\/wp-json\/wp\/v2\/comments?post=3017"}],"version-history":[{"count":1,"href":"https:\/\/www.gallavi.com\/index.php\/wp-json\/wp\/v2\/pages\/3017\/revisions"}],"predecessor-version":[{"id":3019,"href":"https:\/\/www.gallavi.com\/index.php\/wp-json\/wp\/v2\/pages\/3017\/revisions\/3019"}],"wp:attachment":[{"href":"https:\/\/www.gallavi.com\/index.php\/wp-json\/wp\/v2\/media?parent=3017"}],"curies":[{"name":"wp","href":"https:\/\/api.w.org\/{rel}","templated":true}]}}