{"id":3044,"date":"2022-09-30T08:07:56","date_gmt":"2022-09-30T08:07:56","guid":{"rendered":"https:\/\/www.gallavi.com\/?page_id=3044"},"modified":"2022-09-30T18:25:53","modified_gmt":"2022-09-30T18:25:53","slug":"turk-kahvesi-tanim-tarihce","status":"publish","type":"page","link":"https:\/\/www.gallavi.com\/index.php\/turk-kahvesi-tanim-tarihce\/","title":{"rendered":"T\u00fcrk Kahvesi"},"content":{"rendered":"<h2> <\/h2>\n<p>TANIM TAR\u0130H\u00c7ES\u0130<\/p>\n<p>T\u00fcrk Kahvesinin Tarih\u00e7esi<\/p>\n<p>                Tan\u0131m ve Tarih\u00e7e<\/p>\n<p><p>T\u00fcrk Kahvesi, T\u00fcrkler taraf\u0131ndan ke\u015ffedilen kahve haz\u0131rlama ve pi\u015firme metodunun ad\u0131d\u0131r. \u00d6zel bir tad\u0131, k\u00f6p\u00fc\u011f\u00fc, kokusu, pi\u015firili\u015fi, ikram\u0131\u2026 k\u0131sacas\u0131, kendine \u00f6zg\u00fc bir kimli\u011fi ve gelene\u011fi vard\u0131r.<\/p>\n<p>\u00d6nceleri Arap Yar\u0131madas\u0131\u2019nda kahve meyvesinin kaynat\u0131lmas\u0131 ile elde edilen i\u00e7ecek, bu yepyeni haz\u0131rlama ve pi\u015firme metoduyla ger\u00e7ek kahve lezzetine ve e\u015fsiz aromas\u0131na kavu\u015fmu\u015ftur. Kahve ile T\u00fcrkler sayesinde tan\u0131\u015fan Avrupa; uzun y\u0131llar kahveyi, T\u00fcrk kahvesi olarak bu y\u00f6ntemle haz\u0131rlay\u0131p t\u00fcketmi\u015ftir.<\/p>\n<p>G\u00fcney ve Orta Amerika men\u015feili, arabica t\u00fcr\u00fc, y\u00fcksek kaliteli kahve \u00e7ekirdeklerinden harmanlanan ve titizlikle kavrulan T\u00fcrk Kahvesi, \u00e7ok ince \u00f6\u011f\u00fct\u00fcl\u00fcr. Bir cezve yard\u0131m\u0131yla su ve iste\u011fe g\u00f6re \u015feker ilave edilerek pi\u015firilir. K\u00fc\u00e7\u00fck fincanlarla servis yap\u0131l\u0131r. \u0130\u00e7ilmeden \u00f6nce telvesinin dibe \u00e7\u00f6kmesi i\u00e7in k\u0131sa bir s\u00fcre beklenir.<\/p>\n<p>Di\u011fer metotlara nazaran, T\u00fcrk metodunda kahvenin kaynat\u0131lmas\u0131 \u00f6zellikle tercih edilen bir \u015feydir. Elde edilen kaynama, \u00e7ok hafif bir kaynamad\u0131r ve \u00e7o\u011funlukla ciddi bir \u0131s\u0131 art\u0131\u015f\u0131ndan ziyade \u0131s\u0131nan su ile \u00e7ok ince \u00f6\u011f\u00fct\u00fclm\u00fc\u015f kahvenin etkile\u015fimidir.<\/p>\n<p>Kahve tutkunlar\u0131; ufak yudumlar halinde i\u00e7ilen duman\u0131 \u00fcst\u00fcnde bir fincan T\u00fcrk Kahvesini yo\u011fun g\u00f6vdesi, nefis lezzeti ve a\u011f\u0131zdaki kal\u0131c\u0131 aromas\u0131 i\u00e7in tercih ederler.<\/p>\n<p>Tarih\u00e7e<br \/>1543 y\u0131l\u0131nda Yemen Valisi \u00d6zdemir Pa\u015fa, lezzetine hayran kald\u0131\u011f\u0131 kahveyi \u0130stanbul\u2019a getirdi.<\/p>\n<p>T\u00fcrkler taraf\u0131ndan bulunan yepyeni haz\u0131rlama metodu sayesinde kahve, g\u00fc\u011f\u00fcm ve cezvelerde pi\u015firilerek T\u00fcrk Kahvesi ad\u0131n\u0131 ald\u0131.<\/p>\n<p>\u0130lk olarak 1554 y\u0131l\u0131nda Tahtakale\u2019de a\u00e7\u0131lan ve t\u00fcm \u015fehre h\u0131zla yay\u0131lan kahvehaneler sayesinde halk kahveyle tan\u0131\u015ft\u0131. G\u00fcn\u00fcn her saati kitap ve g\u00fczel yaz\u0131lar\u0131n okundu\u011fu, satran\u00e7 ve tavlan\u0131n oynand\u0131\u011f\u0131, \u015fiir ve edebiyat sohbetlerinin yap\u0131ld\u0131\u011f\u0131 kahvehaneler ve kahve k\u00fclt\u00fcr\u00fc d\u00f6nemin sosyal hayat\u0131na damgas\u0131n\u0131 vurdu.<\/p>\n<p>Saray mutfa\u011f\u0131nda ve evlerde yerini alan kahve, \u00e7ok miktarda t\u00fcketilmeye ba\u015fland\u0131. \u00c7i\u011f kahve \u00e7ekirdekleri tavalarda kavrulduktan sonra dibeklerde d\u00f6v\u00fclerek cezvelerde pi\u015firilmek suretiyle i\u00e7iliyor ve en itibarl\u0131 dostlara b\u00fcy\u00fck bir \u00f6zenle ikram ediliyordu.<\/p>\n<p>K\u0131sa s\u00fcrede, gerek \u0130stanbul\u2019a yolu d\u00fc\u015fen t\u00fcccarlar ve seyyahlar gerekse Osmanl\u0131 el\u00e7ileri sayesinde T\u00fcrk Kahvesinin lezzeti ve \u00fcn\u00fc \u00f6nce Avrupa\u2019y\u0131 oradan da t\u00fcm d\u00fcnyay\u0131 sard\u0131.<\/p>\n<\/p>\n<p>                \u00d6zellikler<\/p>\n<p><p>T\u00fcrk Kahvesi;<\/p>\n<p>D\u00fcnyan\u0131n en eski kahve pi\u015firme y\u00f6ntemidir.<br \/>K\u00f6p\u00fck, kahve ve telveden olu\u015fur.<br \/>Yumu\u015fak ve kadifemsi k\u00f6p\u00fc\u011f\u00fc sayesinde damakta en uzun s\u00fcre tad\u0131n\u0131 devam ettiren kahve t\u00fcr\u00fcd\u00fcr.<br \/>Birka\u00e7 dakika \u015fekli bozulmadan kalabilen bu leziz k\u00f6p\u00fc\u011f\u00fc sayesinde, uzun s\u00fcre s\u0131cak kalabilir.<br \/>\u0130nce kenarl\u0131 fincanda sunuldu\u011fu i\u00e7in, di\u011fer kahve t\u00fcrlerine g\u00f6re daha yava\u015f so\u011fur ve b\u00f6ylece daha uzun s\u00fcren bir kahve keyfi sunar.<br \/>Yo\u011fun \u015furupsu k\u0131vam\u0131 ile a\u011f\u0131zdaki lezzet tomurcuklar\u0131n\u0131 a\u015f\u0131r\u0131 uyararak haf\u0131zada yer eder.<br \/>Di\u011fer kahve t\u00fcrlerine g\u00f6re, daha k\u0131vaml\u0131, yumu\u015fak ve aromatiktir.<br \/>Kendine \u00f6zg\u00fc enfes kokusu ve \u00f6zel k\u00f6p\u00fc\u011f\u00fc ile di\u011fer kahvelerden kolayl\u0131kla ay\u0131rt edilebilir.<br \/>Kahve tutkunlar\u0131 taraf\u0131ndan, kaynat\u0131larak i\u00e7ilebilen tek kahve olarak kabul edilir.<br \/>Gelece\u011fi anlatmak i\u00e7in kullan\u0131lan tek kahve t\u00fcr\u00fcd\u00fcr. Cafedomancy: Kahve telvesini kullanarak kehanette bulunmak.<br \/>E\u015fsizdir \u00e7\u00fcnk\u00fc kahvesi fincan\u0131n i\u00e7indedir ancak telve olarak dibe \u00e7\u00f6kt\u00fc\u011f\u00fcnden filtre edilmesine ve s\u00fcz\u00fclmesine gerek kalmaz.<br \/>Haz\u0131rlan\u0131rken \u015feker ilave edildi\u011finden di\u011fer kahvelerde oldu\u011fu gibi sonradan tatland\u0131rmaya gerek yoktur.<br \/>Sa\u011fl\u0131kl\u0131d\u0131r \u00e7\u00fcnk\u00fc fincan\u0131n dibinde biriken telvesi i\u00e7ilmez.<br \/>S\u0131kl\u0131kla i\u00e7ildi\u011fi halde, miktar olarak fazla olmad\u0131\u011f\u0131ndan \u015fi\u015fkinlik yapmaz.<br \/>Di\u011fer kahve t\u00fcrlerine g\u00f6re, bir i\u00e7imde daha az kafein i\u00e7erir.<br \/>\u00c7ok pratik ve ekonomiktir \u00e7\u00fcnk\u00fc pi\u015firirken tek ihtiyac\u0131n\u0131z bir cezve olacakt\u0131r.<br \/>O nefis tad\u0131n\u0131 verebilmesi i\u00e7in, kavrulduktan sonra ya hemen t\u00fcketilmeli ya da aromas\u0131n\u0131 muhafaza edecek \u015fekilde paketlenmelidir.<\/p>\n<\/p>\n<p>                T\u00fcrk Kahvesi ve T\u00fcrkler<\/p>\n<p><p>T\u00fcrk Kahvesi;<\/p>\n<p>D\u00fcnyan\u0131n en eski kahve pi\u015firme y\u00f6ntemidir.<br \/>K\u00f6p\u00fck, kahve ve telveden olu\u015fur.<br \/>Yumu\u015fak ve kadifemsi k\u00f6p\u00fc\u011f\u00fc sayesinde damakta en uzun s\u00fcre tad\u0131n\u0131 devam ettiren kahve t\u00fcr\u00fcd\u00fcr.<br \/>Birka\u00e7 dakika \u015fekli bozulmadan kalabilen bu leziz k\u00f6p\u00fc\u011f\u00fc sayesinde, uzun s\u00fcre s\u0131cak kalabilir.<br \/>\u0130nce kenarl\u0131 fincanda sunuldu\u011fu i\u00e7in, di\u011fer kahve t\u00fcrlerine g\u00f6re daha yava\u015f so\u011fur ve b\u00f6ylece daha uzun s\u00fcren bir kahve keyfi sunar.<br \/>Yo\u011fun \u015furupsu k\u0131vam\u0131 ile a\u011f\u0131zdaki lezzet tomurcuklar\u0131n\u0131 a\u015f\u0131r\u0131 uyararak haf\u0131zada yer eder.<br \/>Di\u011fer kahve t\u00fcrlerine g\u00f6re, daha k\u0131vaml\u0131, yumu\u015fak ve aromatiktir.<br \/>Kendine \u00f6zg\u00fc enfes kokusu ve \u00f6zel k\u00f6p\u00fc\u011f\u00fc ile di\u011fer kahvelerden kolayl\u0131kla ay\u0131rt edilebilir.<br \/>Kahve tutkunlar\u0131 taraf\u0131ndan, kaynat\u0131larak i\u00e7ilebilen tek kahve olarak kabul edilir.<br \/>Gelece\u011fi anlatmak i\u00e7in kullan\u0131lan tek kahve t\u00fcr\u00fcd\u00fcr. Cafedomancy: Kahve telvesini kullanarak kehanette bulunmak.<br \/>E\u015fsizdir \u00e7\u00fcnk\u00fc kahvesi fincan\u0131n i\u00e7indedir ancak telve olarak dibe \u00e7\u00f6kt\u00fc\u011f\u00fcnden filtre edilmesine ve s\u00fcz\u00fclmesine gerek kalmaz.<br \/>Haz\u0131rlan\u0131rken \u015feker ilave edildi\u011finden di\u011fer kahvelerde oldu\u011fu gibi sonradan tatland\u0131rmaya gerek yoktur.<br \/>Sa\u011fl\u0131kl\u0131d\u0131r \u00e7\u00fcnk\u00fc fincan\u0131n dibinde biriken telvesi i\u00e7ilmez.<br \/>S\u0131kl\u0131kla i\u00e7ildi\u011fi halde, miktar olarak fazla olmad\u0131\u011f\u0131ndan \u015fi\u015fkinlik yapmaz.<br \/>Di\u011fer kahve t\u00fcrlerine g\u00f6re, bir i\u00e7imde daha az kafein i\u00e7erir.<br \/>\u00c7ok pratik ve ekonomiktir \u00e7\u00fcnk\u00fc pi\u015firirken tek ihtiyac\u0131n\u0131z bir cezve olacakt\u0131r.<br \/>O nefis tad\u0131n\u0131 verebilmesi i\u00e7in, kavrulduktan sonra ya hemen t\u00fcketilmeli ya da aromas\u0131n\u0131 muhafaza edecek \u015fekilde paketlenmelidir.<\/p><\/p>\n","protected":false},"excerpt":{"rendered":"<p>TANIM TAR\u0130H\u00c7ES\u0130 T\u00fcrk Kahvesinin Tarih\u00e7esi Tan\u0131m ve Tarih\u00e7e T\u00fcrk Kahvesi, T\u00fcrkler taraf\u0131ndan ke\u015ffedilen kahve haz\u0131rlama ve pi\u015firme metodunun ad\u0131d\u0131r. \u00d6zel bir tad\u0131, k\u00f6p\u00fc\u011f\u00fc, kokusu, pi\u015firili\u015fi, ikram\u0131\u2026 k\u0131sacas\u0131, kendine \u00f6zg\u00fc bir kimli\u011fi ve gelene\u011fi vard\u0131r. \u00d6nceleri Arap Yar\u0131madas\u0131\u2019nda kahve meyvesinin kaynat\u0131lmas\u0131 ile elde edilen i\u00e7ecek, bu&#8230;<\/p>\n","protected":false},"author":2,"featured_media":0,"parent":0,"menu_order":0,"comment_status":"closed","ping_status":"closed","template":"elementor_theme","meta":{"footnotes":""},"class_list":["post-3044","page","type-page","status-publish","hentry"],"_links":{"self":[{"href":"https:\/\/www.gallavi.com\/index.php\/wp-json\/wp\/v2\/pages\/3044","targetHints":{"allow":["GET"]}}],"collection":[{"href":"https:\/\/www.gallavi.com\/index.php\/wp-json\/wp\/v2\/pages"}],"about":[{"href":"https:\/\/www.gallavi.com\/index.php\/wp-json\/wp\/v2\/types\/page"}],"author":[{"embeddable":true,"href":"https:\/\/www.gallavi.com\/index.php\/wp-json\/wp\/v2\/users\/2"}],"replies":[{"embeddable":true,"href":"https:\/\/www.gallavi.com\/index.php\/wp-json\/wp\/v2\/comments?post=3044"}],"version-history":[{"count":27,"href":"https:\/\/www.gallavi.com\/index.php\/wp-json\/wp\/v2\/pages\/3044\/revisions"}],"predecessor-version":[{"id":3088,"href":"https:\/\/www.gallavi.com\/index.php\/wp-json\/wp\/v2\/pages\/3044\/revisions\/3088"}],"wp:attachment":[{"href":"https:\/\/www.gallavi.com\/index.php\/wp-json\/wp\/v2\/media?parent=3044"}],"curies":[{"name":"wp","href":"https:\/\/api.w.org\/{rel}","templated":true}]}}