{"id":3094,"date":"2022-09-30T18:26:23","date_gmt":"2022-09-30T18:26:23","guid":{"rendered":"https:\/\/www.gallavi.com\/?page_id=3094"},"modified":"2022-09-30T18:27:53","modified_gmt":"2022-09-30T18:27:53","slug":"turk-kahvesi","status":"publish","type":"page","link":"https:\/\/www.gallavi.com\/index.php\/turk-kahvesi\/","title":{"rendered":"T\u00dcRK KAHVES\u0130"},"content":{"rendered":"<style>#kt-layout-id_9a6ed6-a2 > .kt-row-column-wrap{align-content:start;}:where(#kt-layout-id_9a6ed6-a2 > .kt-row-column-wrap) > .wp-block-kadence-column{justify-content:start;}#kt-layout-id_9a6ed6-a2 > .kt-row-column-wrap{column-gap:var(--global-kb-gap-md, 2rem);row-gap:var(--global-kb-gap-md, 2rem);padding-top:var( --global-kb-row-default-top, 25px );padding-bottom:var( --global-kb-row-default-bottom, 25px );padding-top:var(--global-kb-spacing-sm, 1.5rem);padding-bottom:var(--global-kb-spacing-sm, 1.5rem);grid-template-columns:repeat(2, minmax(0, 1fr));}#kt-layout-id_9a6ed6-a2 > .kt-row-layout-overlay{opacity:0.30;}@media all and (max-width: 1024px){#kt-layout-id_9a6ed6-a2 > .kt-row-column-wrap{grid-template-columns:repeat(2, minmax(0, 1fr));}}@media all and (max-width: 767px){#kt-layout-id_9a6ed6-a2 > .kt-row-column-wrap{grid-template-columns:minmax(0, 1fr);}}<\/style>\n<div class=\"wp-block-kadence-rowlayout alignnone\"><div id=\"kt-layout-id_9a6ed6-a2\" class=\"kt-row-layout-inner kt-layout-id_9a6ed6-a2\"><div class=\"kt-row-column-wrap kt-has-2-columns kt-gutter-default kt-v-gutter-default kt-row-valign-top kt-row-layout-equal kt-tab-layout-inherit kt-m-colapse-left-to-right kt-mobile-layout-row\"><style>.kadence-column_acbd6a-96 > .kt-inside-inner-col{border-top-width:0px;border-right-width:0px;border-bottom-width:0px;border-left-width:0px;}.kadence-column_acbd6a-96 > .kt-inside-inner-col,.kadence-column_acbd6a-96 > .kt-inside-inner-col:before{border-top-left-radius:0px;border-top-right-radius:0px;border-bottom-right-radius:0px;border-bottom-left-radius:0px;}.kadence-column_acbd6a-96 > .kt-inside-inner-col{column-gap:var(--global-kb-gap-sm, 1rem);}.kadence-column_acbd6a-96 > .kt-inside-inner-col{flex-direction:column;}.kadence-column_acbd6a-96 > .kt-inside-inner-col > .aligncenter{width:100%;}.kadence-column_acbd6a-96 > .kt-inside-inner-col:before{opacity:0.3;}.kadence-column_acbd6a-96{position:relative;}@media all and (max-width: 1024px){.kadence-column_acbd6a-96 > .kt-inside-inner-col{flex-direction:column;justify-content:center;}}@media all and (max-width: 767px){.kadence-column_acbd6a-96 > .kt-inside-inner-col{flex-direction:column;justify-content:center;}}<\/style>\n<div class=\"wp-block-kadence-column inner-column-1 kadence-column_acbd6a-96\"><div class=\"kt-inside-inner-col\"><style>.wp-block-kadence-column.kb-section-dir-horizontal > .kt-inside-inner-col > #kt-info-box_2a38e9-84 .kt-blocks-info-box-link-wrap{max-width:unset;}#kt-info-box_2a38e9-84 .kt-blocks-info-box-link-wrap{border-radius:30px;border-top-width:5px;border-right-width:5px;border-bottom-width:5px;border-left-width:5px;background:#ffffff;padding-top:20px;padding-right:20px;padding-bottom:20px;padding-left:20px;}#kt-info-box_2a38e9-84 .kt-blocks-info-box-link-wrap:hover{background:#ffffff;}#kt-info-box_2a38e9-84.wp-block-kadence-infobox{max-width:100%;}#kt-info-box_2a38e9-84 .kadence-info-box-image-inner-intrisic-container{max-width:100px;}#kt-info-box_2a38e9-84 .kadence-info-box-image-inner-intrisic-container .kadence-info-box-image-intrisic{padding-bottom:56.9672%;width:244px;height:0px;max-width:100%;}#kt-info-box_2a38e9-84 .kadence-info-box-icon-container .kt-info-svg-icon, #kt-info-box_2a38e9-84 .kt-info-svg-icon-flip, #kt-info-box_2a38e9-84 .kt-blocks-info-box-number{font-size:50px;}#kt-info-box_2a38e9-84 .kt-blocks-info-box-media{color:#444444;background:#eeeeee;border-radius:200px;overflow:hidden;border-top-width:0px;border-right-width:0px;border-bottom-width:0px;border-left-width:0px;padding-top:0px;padding-right:0px;padding-bottom:0px;padding-left:0px;}#kt-info-box_2a38e9-84 .kt-blocks-info-box-media-container{margin-top:0px;margin-right:15px;margin-bottom:10px;margin-left:15px;}#kt-info-box_2a38e9-84 .kt-blocks-info-box-link-wrap:hover .kt-blocks-info-box-media{color:#444444;background:#eeeeee;}#kt-info-box_2a38e9-84 .kt-infobox-textcontent h2.kt-blocks-info-box-title{padding-top:0px;padding-right:0px;padding-bottom:0px;padding-left:0px;margin-top:5px;margin-right:0px;margin-bottom:10px;margin-left:0px;}#kt-info-box_2a38e9-84 .kt-blocks-info-box-learnmore{background:transparent;border-width:0px 0px 0px 0px;padding-top:4px;padding-right:8px;padding-bottom:4px;padding-left:8px;margin-top:10px;margin-right:0px;margin-bottom:10px;margin-left:0px;}<\/style>\n<div id=\"kt-info-box_2a38e9-84\" class=\"wp-block-kadence-infobox\"><a class=\"kt-blocks-info-box-link-wrap info-box-link kt-blocks-info-box-media-align-top kt-info-halign-center\"><div class=\"kt-blocks-info-box-media-container\"><div class=\"kt-blocks-info-box-media kt-info-media-animate-none\"><div class=\"kadence-info-box-image-inner-intrisic-container\"><div class=\"kadence-info-box-image-intrisic kt-info-animate-none\"><div class=\"kadence-info-box-image-inner-intrisic\"><img loading=\"lazy\" decoding=\"async\" src=\"https:\/\/www.gallavi.com\/wp-content\/uploads\/2022\/09\/indir-1-e1664183917314.png\" alt=\"\" width=\"244\" height=\"139\" class=\"kt-info-box-image wp-image-3009\"\/><\/div><\/div><\/div><\/div><\/div><div class=\"kt-infobox-textcontent\"><h2 class=\"kt-blocks-info-box-title\">T\u00fcrk Kahvesi<\/h2><p class=\"kt-blocks-info-box-text\">Kendine has tad\u0131, k\u00f6p\u00fc\u011f\u00fc kokusu.<\/p><\/div><\/a><\/div>\n<\/div><\/div>\n\n\n<style>.kadence-column_3fbda1-17 > .kt-inside-inner-col{border-top-width:0px;border-right-width:0px;border-bottom-width:0px;border-left-width:0px;}.kadence-column_3fbda1-17 > .kt-inside-inner-col,.kadence-column_3fbda1-17 > .kt-inside-inner-col:before{border-top-left-radius:0px;border-top-right-radius:0px;border-bottom-right-radius:0px;border-bottom-left-radius:0px;}.kadence-column_3fbda1-17 > .kt-inside-inner-col{column-gap:var(--global-kb-gap-sm, 1rem);}.kadence-column_3fbda1-17 > .kt-inside-inner-col{flex-direction:column;}.kadence-column_3fbda1-17 > .kt-inside-inner-col > .aligncenter{width:100%;}.kadence-column_3fbda1-17 > .kt-inside-inner-col:before{opacity:0.3;}.kadence-column_3fbda1-17{position:relative;}@media all and (max-width: 1024px){.kadence-column_3fbda1-17 > .kt-inside-inner-col{flex-direction:column;justify-content:center;}}@media all and (max-width: 767px){.kadence-column_3fbda1-17 > .kt-inside-inner-col{flex-direction:column;justify-content:center;}}<\/style>\n<div class=\"wp-block-kadence-column inner-column-2 kadence-column_3fbda1-17\"><div class=\"kt-inside-inner-col\"><\/div><\/div>\n<\/div><\/div><\/div>\n","protected":false},"excerpt":{"rendered":"<p>T\u00fcrk Kahvesi Kendine has tad\u0131, k\u00f6p\u00fc\u011f\u00fc kokusu.<\/p>\n","protected":false},"author":1,"featured_media":0,"parent":0,"menu_order":0,"comment_status":"closed","ping_status":"closed","template":"elementor_theme","meta":{"footnotes":""},"class_list":["post-3094","page","type-page","status-publish","hentry"],"_links":{"self":[{"href":"https:\/\/www.gallavi.com\/index.php\/wp-json\/wp\/v2\/pages\/3094","targetHints":{"allow":["GET"]}}],"collection":[{"href":"https:\/\/www.gallavi.com\/index.php\/wp-json\/wp\/v2\/pages"}],"about":[{"href":"https:\/\/www.gallavi.com\/index.php\/wp-json\/wp\/v2\/types\/page"}],"author":[{"embeddable":true,"href":"https:\/\/www.gallavi.com\/index.php\/wp-json\/wp\/v2\/users\/1"}],"replies":[{"embeddable":true,"href":"https:\/\/www.gallavi.com\/index.php\/wp-json\/wp\/v2\/comments?post=3094"}],"version-history":[{"count":2,"href":"https:\/\/www.gallavi.com\/index.php\/wp-json\/wp\/v2\/pages\/3094\/revisions"}],"predecessor-version":[{"id":3096,"href":"https:\/\/www.gallavi.com\/index.php\/wp-json\/wp\/v2\/pages\/3094\/revisions\/3096"}],"wp:attachment":[{"href":"https:\/\/www.gallavi.com\/index.php\/wp-json\/wp\/v2\/media?parent=3094"}],"curies":[{"name":"wp","href":"https:\/\/api.w.org\/{rel}","templated":true}]}}